{"id":1128,"date":"2024-06-04T18:18:37","date_gmt":"2024-06-04T16:18:37","guid":{"rendered":"https:\/\/tescartesduciel.com\/?page_id=1128"},"modified":"2024-06-05T17:46:30","modified_gmt":"2024-06-05T15:46:30","slug":"explores-tes-possibles","status":"publish","type":"page","link":"https:\/\/tescartesduciel.com\/","title":{"rendered":"Acceuil"},"content":{"rendered":"\t\t<div data-elementor-type=\"wp-page\" data-elementor-id=\"1128\" class=\"elementor elementor-1128\">\n\t\t\t\t<header class=\"elementor-element elementor-element-805df96 e-con-full e-flex e-con e-parent\" data-id=\"805df96\" data-element_type=\"container\">\n\t\t<div class=\"elementor-element elementor-element-18a5152b e-con-full e-flex e-con e-child\" data-id=\"18a5152b\" data-element_type=\"container\">\n\t\t\t\t<div class=\"elementor-element elementor-element-35979ef7 elementor-widget__width-inherit elementor-widget elementor-widget-image\" data-id=\"35979ef7\" data-element_type=\"widget\" data-widget_type=\"image.default\">\n\t\t\t\t<div class=\"elementor-widget-container\">\n\t\t\t<style>\/*! elementor - v3.21.0 - 26-05-2024 *\/\n.elementor-widget-image{text-align:center}.elementor-widget-image a{display:inline-block}.elementor-widget-image a img[src$=\".svg\"]{width:48px}.elementor-widget-image img{vertical-align:middle;display:inline-block}<\/style>\t\t\t\t\t\t\t\t\t\t<img fetchpriority=\"high\" decoding=\"async\" width=\"1040\" height=\"720\" src=\"https:\/\/tescartesduciel.com\/wp-content\/uploads\/2024\/06\/IMAGE-acceuil-tes-cartes-du-ciel.jpg\" class=\"attachment-full size-full wp-image-1140\" alt=\"\" srcset=\"https:\/\/tescartesduciel.com\/wp-content\/uploads\/2024\/06\/IMAGE-acceuil-tes-cartes-du-ciel.jpg 1040w, https:\/\/tescartesduciel.com\/wp-content\/uploads\/2024\/06\/IMAGE-acceuil-tes-cartes-du-ciel-300x208.jpg 300w, https:\/\/tescartesduciel.com\/wp-content\/uploads\/2024\/06\/IMAGE-acceuil-tes-cartes-du-ciel-1024x709.jpg 1024w, https:\/\/tescartesduciel.com\/wp-content\/uploads\/2024\/06\/IMAGE-acceuil-tes-cartes-du-ciel-768x532.jpg 768w, https:\/\/tescartesduciel.com\/wp-content\/uploads\/2024\/06\/IMAGE-acceuil-tes-cartes-du-ciel-600x415.jpg 600w\" sizes=\"(max-width: 1040px) 100vw, 1040px\" \/>\t\t\t\t\t\t\t\t\t\t\t\t\t<\/div>\n\t\t\t\t<\/div>\n\t\t\t\t<\/div>\n\t\t<div class=\"elementor-element elementor-element-1cb36c30 e-con-full e-flex e-con e-child\" data-id=\"1cb36c30\" data-element_type=\"container\">\n\t\t\t\t<div class=\"elementor-element elementor-element-6be61b1 elementor-align-right elementor-icon-list--layout-traditional elementor-list-item-link-full_width elementor-widget elementor-widget-icon-list\" data-id=\"6be61b1\" data-element_type=\"widget\" data-widget_type=\"icon-list.default\">\n\t\t\t\t<div class=\"elementor-widget-container\">\n\t\t\t<link rel=\"stylesheet\" href=\"https:\/\/tescartesduciel.com\/wp-content\/plugins\/elementor\/assets\/css\/widget-icon-list.min.css\">\t\t<ul class=\"elementor-icon-list-items\">\n\t\t\t\t\t\t\t<li class=\"elementor-icon-list-item\">\n\t\t\t\t\t\t\t\t\t\t<span class=\"elementor-icon-list-text\"><\/span>\n\t\t\t\t\t\t\t\t\t<\/li>\n\t\t\t\t\t\t<\/ul>\n\t\t\t\t<\/div>\n\t\t\t\t<\/div>\n\t\t\t\t<\/div>\n\t\t\t\t<\/header>\n\t\t\t\t<\/div>\n\t\t","protected":false},"excerpt":{"rendered":"","protected":false},"author":1,"featured_media":0,"parent":0,"menu_order":0,"comment_status":"closed","ping_status":"closed","template":"elementor_header_footer","meta":{"ocean_post_layout":"","ocean_both_sidebars_style":"","ocean_both_sidebars_content_width":0,"ocean_both_sidebars_sidebars_width":0,"ocean_sidebar":"","ocean_second_sidebar":"","ocean_disable_margins":"enable","ocean_add_body_class":"","ocean_shortcode_before_top_bar":"","ocean_shortcode_after_top_bar":"","ocean_shortcode_before_header":"","ocean_shortcode_after_header":"","ocean_has_shortcode":"","ocean_shortcode_after_title":"","ocean_shortcode_before_footer_widgets":"","ocean_shortcode_after_footer_widgets":"","ocean_shortcode_before_footer_bottom":"","ocean_shortcode_after_footer_bottom":"","ocean_display_top_bar":"default","ocean_display_header":"default","ocean_header_style":"","ocean_center_header_left_menu":"","ocean_custom_header_template":"","ocean_custom_logo":0,"ocean_custom_retina_logo":0,"ocean_custom_logo_max_width":0,"ocean_custom_logo_tablet_max_width":0,"ocean_custom_logo_mobile_max_width":0,"ocean_custom_logo_max_height":0,"ocean_custom_logo_tablet_max_height":0,"ocean_custom_logo_mobile_max_height":0,"ocean_header_custom_menu":"","ocean_menu_typo_font_family":"","ocean_menu_typo_font_subset":"","ocean_menu_typo_font_size":0,"ocean_menu_typo_font_size_tablet":0,"ocean_menu_typo_font_size_mobile":0,"ocean_menu_typo_font_size_unit":"px","ocean_menu_typo_font_weight":"","ocean_menu_typo_font_weight_tablet":"","ocean_menu_typo_font_weight_mobile":"","ocean_menu_typo_transform":"","ocean_menu_typo_transform_tablet":"","ocean_menu_typo_transform_mobile":"","ocean_menu_typo_line_height":0,"ocean_menu_typo_line_height_tablet":0,"ocean_menu_typo_line_height_mobile":0,"ocean_menu_typo_line_height_unit":"","ocean_menu_typo_spacing":0,"ocean_menu_typo_spacing_tablet":0,"ocean_menu_typo_spacing_mobile":0,"ocean_menu_typo_spacing_unit":"","ocean_menu_link_color":"","ocean_menu_link_color_hover":"","ocean_menu_link_color_active":"","ocean_menu_link_background":"","ocean_menu_link_hover_background":"","ocean_menu_link_active_background":"","ocean_menu_social_links_bg":"","ocean_menu_social_hover_links_bg":"","ocean_menu_social_links_color":"","ocean_menu_social_hover_links_color":"","ocean_disable_title":"default","ocean_disable_heading":"default","ocean_post_title":"","ocean_post_subheading":"","ocean_post_title_style":"","ocean_post_title_background_color":"","ocean_post_title_background":0,"ocean_post_title_bg_image_position":"","ocean_post_title_bg_image_attachment":"","ocean_post_title_bg_image_repeat":"","ocean_post_title_bg_image_size":"","ocean_post_title_height":0,"ocean_post_title_bg_overlay":0.5,"ocean_post_title_bg_overlay_color":"","ocean_disable_breadcrumbs":"default","ocean_breadcrumbs_color":"","ocean_breadcrumbs_separator_color":"","ocean_breadcrumbs_links_color":"","ocean_breadcrumbs_links_hover_color":"","ocean_display_footer_widgets":"default","ocean_display_footer_bottom":"default","ocean_custom_footer_template":"","footnotes":""},"yoast_head":"<!-- This site is optimized with the Yoast SEO plugin v22.8 - https:\/\/yoast.com\/wordpress\/plugins\/seo\/ -->\n<title>Acceuil - Tes cartes du ciel<\/title>\n<meta name=\"description\" content=\"Astrologie ou tarots, j&#039;\u00e9tudie en ligne ton theme astral et r\u00e9ponds \u00e0 tes questions personnels, professionnels, holistiques... cliques ici!\" \/>\n<meta name=\"robots\" content=\"index, follow, max-snippet:-1, max-image-preview:large, max-video-preview:-1\" \/>\n<link rel=\"canonical\" href=\"https:\/\/tescartesduciel.com\/\" \/>\n<meta property=\"og:locale\" content=\"fr_FR\" \/>\n<meta property=\"og:type\" content=\"article\" \/>\n<meta property=\"og:title\" content=\"Acceuil - Tes cartes du ciel\" \/>\n<meta property=\"og:description\" content=\"Astrologie ou tarots, j&#039;\u00e9tudie en ligne ton theme astral et r\u00e9ponds \u00e0 tes questions personnels, professionnels, holistiques... cliques ici!\" \/>\n<meta property=\"og:url\" content=\"https:\/\/tescartesduciel.com\/\" \/>\n<meta property=\"og:site_name\" content=\"Tes cartes du ciel\" \/>\n<meta property=\"article:modified_time\" content=\"2024-06-05T15:46:30+00:00\" \/>\n<meta property=\"og:image\" content=\"http:\/\/tescartesduciel.com\/wp-content\/uploads\/2024\/06\/IMAGE-acceuil-tes-cartes-du-ciel.jpg\" \/>\n<meta name=\"twitter:card\" content=\"summary_large_image\" \/>\n<meta name=\"twitter:label1\" content=\"Dur\u00e9e de lecture estim\u00e9e\" \/>\n\t<meta name=\"twitter:data1\" content=\"1 minute\" \/>\n<script type=\"application\/ld+json\" class=\"yoast-schema-graph\">{\"@context\":\"https:\/\/schema.org\",\"@graph\":[{\"@type\":\"WebPage\",\"@id\":\"https:\/\/tescartesduciel.com\/\",\"url\":\"https:\/\/tescartesduciel.com\/\",\"name\":\"Acceuil - Tes cartes du ciel\",\"isPartOf\":{\"@id\":\"https:\/\/tescartesduciel.com\/#website\"},\"primaryImageOfPage\":{\"@id\":\"https:\/\/tescartesduciel.com\/#primaryimage\"},\"image\":{\"@id\":\"https:\/\/tescartesduciel.com\/#primaryimage\"},\"thumbnailUrl\":\"http:\/\/tescartesduciel.com\/wp-content\/uploads\/2024\/06\/IMAGE-acceuil-tes-cartes-du-ciel.jpg\",\"datePublished\":\"2024-06-04T16:18:37+00:00\",\"dateModified\":\"2024-06-05T15:46:30+00:00\",\"description\":\"Astrologie ou tarots, j'\u00e9tudie en ligne ton theme astral et r\u00e9ponds \u00e0 tes questions personnels, professionnels, holistiques... cliques ici!\",\"breadcrumb\":{\"@id\":\"https:\/\/tescartesduciel.com\/#breadcrumb\"},\"inLanguage\":\"fr-FR\",\"potentialAction\":[{\"@type\":\"ReadAction\",\"target\":[\"https:\/\/tescartesduciel.com\/\"]}]},{\"@type\":\"ImageObject\",\"inLanguage\":\"fr-FR\",\"@id\":\"https:\/\/tescartesduciel.com\/#primaryimage\",\"url\":\"https:\/\/tescartesduciel.com\/wp-content\/uploads\/2024\/06\/IMAGE-acceuil-tes-cartes-du-ciel.jpg\",\"contentUrl\":\"https:\/\/tescartesduciel.com\/wp-content\/uploads\/2024\/06\/IMAGE-acceuil-tes-cartes-du-ciel.jpg\",\"width\":1040,\"height\":720},{\"@type\":\"BreadcrumbList\",\"@id\":\"https:\/\/tescartesduciel.com\/#breadcrumb\",\"itemListElement\":[{\"@type\":\"ListItem\",\"position\":1,\"name\":\"Accueil\",\"item\":\"https:\/\/tescartesduciel.com\/\"},{\"@type\":\"ListItem\",\"position\":2,\"name\":\"Acceuil\"}]},{\"@type\":\"WebSite\",\"@id\":\"https:\/\/tescartesduciel.com\/#website\",\"url\":\"https:\/\/tescartesduciel.com\/\",\"name\":\"Tes cartes du ciel\",\"description\":\"explores tes possibles\",\"potentialAction\":[{\"@type\":\"SearchAction\",\"target\":{\"@type\":\"EntryPoint\",\"urlTemplate\":\"https:\/\/tescartesduciel.com\/?s={search_term_string}\"},\"query-input\":\"required name=search_term_string\"}],\"inLanguage\":\"fr-FR\"}]}<\/script>\n<!-- \/ Yoast SEO plugin. -->","yoast_head_json":{"title":"Acceuil - Tes cartes du ciel","description":"Astrologie ou tarots, j'\u00e9tudie en ligne ton theme astral et r\u00e9ponds \u00e0 tes questions personnels, professionnels, holistiques... cliques ici!","robots":{"index":"index","follow":"follow","max-snippet":"max-snippet:-1","max-image-preview":"max-image-preview:large","max-video-preview":"max-video-preview:-1"},"canonical":"https:\/\/tescartesduciel.com\/","og_locale":"fr_FR","og_type":"article","og_title":"Acceuil - Tes cartes du ciel","og_description":"Astrologie ou tarots, j'\u00e9tudie en ligne ton theme astral et r\u00e9ponds \u00e0 tes questions personnels, professionnels, holistiques... cliques ici!","og_url":"https:\/\/tescartesduciel.com\/","og_site_name":"Tes cartes du ciel","article_modified_time":"2024-06-05T15:46:30+00:00","og_image":[{"url":"http:\/\/tescartesduciel.com\/wp-content\/uploads\/2024\/06\/IMAGE-acceuil-tes-cartes-du-ciel.jpg"}],"twitter_card":"summary_large_image","twitter_misc":{"Dur\u00e9e de lecture estim\u00e9e":"1 minute"},"schema":{"@context":"https:\/\/schema.org","@graph":[{"@type":"WebPage","@id":"https:\/\/tescartesduciel.com\/","url":"https:\/\/tescartesduciel.com\/","name":"Acceuil - Tes cartes du ciel","isPartOf":{"@id":"https:\/\/tescartesduciel.com\/#website"},"primaryImageOfPage":{"@id":"https:\/\/tescartesduciel.com\/#primaryimage"},"image":{"@id":"https:\/\/tescartesduciel.com\/#primaryimage"},"thumbnailUrl":"http:\/\/tescartesduciel.com\/wp-content\/uploads\/2024\/06\/IMAGE-acceuil-tes-cartes-du-ciel.jpg","datePublished":"2024-06-04T16:18:37+00:00","dateModified":"2024-06-05T15:46:30+00:00","description":"Astrologie ou tarots, j'\u00e9tudie en ligne ton theme astral et r\u00e9ponds \u00e0 tes questions personnels, professionnels, holistiques... cliques ici!","breadcrumb":{"@id":"https:\/\/tescartesduciel.com\/#breadcrumb"},"inLanguage":"fr-FR","potentialAction":[{"@type":"ReadAction","target":["https:\/\/tescartesduciel.com\/"]}]},{"@type":"ImageObject","inLanguage":"fr-FR","@id":"https:\/\/tescartesduciel.com\/#primaryimage","url":"https:\/\/tescartesduciel.com\/wp-content\/uploads\/2024\/06\/IMAGE-acceuil-tes-cartes-du-ciel.jpg","contentUrl":"https:\/\/tescartesduciel.com\/wp-content\/uploads\/2024\/06\/IMAGE-acceuil-tes-cartes-du-ciel.jpg","width":1040,"height":720},{"@type":"BreadcrumbList","@id":"https:\/\/tescartesduciel.com\/#breadcrumb","itemListElement":[{"@type":"ListItem","position":1,"name":"Accueil","item":"https:\/\/tescartesduciel.com\/"},{"@type":"ListItem","position":2,"name":"Acceuil"}]},{"@type":"WebSite","@id":"https:\/\/tescartesduciel.com\/#website","url":"https:\/\/tescartesduciel.com\/","name":"Tes cartes du ciel","description":"explores tes possibles","potentialAction":[{"@type":"SearchAction","target":{"@type":"EntryPoint","urlTemplate":"https:\/\/tescartesduciel.com\/?s={search_term_string}"},"query-input":"required name=search_term_string"}],"inLanguage":"fr-FR"}]}},"_links":{"self":[{"href":"https:\/\/tescartesduciel.com\/index.php?rest_route=\/wp\/v2\/pages\/1128"}],"collection":[{"href":"https:\/\/tescartesduciel.com\/index.php?rest_route=\/wp\/v2\/pages"}],"about":[{"href":"https:\/\/tescartesduciel.com\/index.php?rest_route=\/wp\/v2\/types\/page"}],"author":[{"embeddable":true,"href":"https:\/\/tescartesduciel.com\/index.php?rest_route=\/wp\/v2\/users\/1"}],"replies":[{"embeddable":true,"href":"https:\/\/tescartesduciel.com\/index.php?rest_route=%2Fwp%2Fv2%2Fcomments&post=1128"}],"version-history":[{"count":38,"href":"https:\/\/tescartesduciel.com\/index.php?rest_route=\/wp\/v2\/pages\/1128\/revisions"}],"predecessor-version":[{"id":1183,"href":"https:\/\/tescartesduciel.com\/index.php?rest_route=\/wp\/v2\/pages\/1128\/revisions\/1183"}],"wp:attachment":[{"href":"https:\/\/tescartesduciel.com\/index.php?rest_route=%2Fwp%2Fv2%2Fmedia&parent=1128"}],"curies":[{"name":"wp","href":"https:\/\/api.w.org\/{rel}","templated":true}]}}