{"id":1097,"date":"2024-06-04T16:48:23","date_gmt":"2024-06-04T14:48:23","guid":{"rendered":"https:\/\/tescartesduciel.com\/?post_type=product&#038;p=1097"},"modified":"2024-06-28T18:02:48","modified_gmt":"2024-06-28T16:02:48","slug":"revolution-solaire","status":"publish","type":"product","link":"https:\/\/tescartesduciel.com\/?product=revolution-solaire","title":{"rendered":"ASTRO R\u00e9volution solaire"},"content":{"rendered":"<p><strong>ASTRO R\u00e9volution solaire:<\/strong><\/p>\n<p>D\u00e9couvres tes \u00ab\u00a0Chalenges\u00a0\u00bb annuels!<\/p>\n<p>Cette \u00e9tude te permets d&rsquo;avoir un oeil sur tes \u00ab\u00a0Chalenges\u00a0\u00bb de l&rsquo;ann\u00e9e: de ta date d&rsquo;anniversaire \u00e0 ta date prochaine d&rsquo;anniversaire.<\/p>\n<p>Prends tes \u00ab\u00a0meilleurs itin\u00e9raires de routes\u00a0\u00bb! Anticipes certains \u00e9l\u00e9ments et saisis tes opportunit\u00e9s de l&rsquo;ann\u00e9e!<\/p>\n<p>Cette \u00e9tude est possible uniquement apr\u00e8s que j&rsquo;ai fais l&rsquo;\u00e9tude de ton th\u00e8me natal.<\/p>\n<p>Pour moi, ton th\u00e8me natal est la base de ta carte d&rsquo;identit\u00e9e du ciel \u00e0 que tu dois d\u00e9couvrir avant tout!<\/p>\n<p>L&rsquo;\u00e9tude de ta r\u00e9volution solaire vient ensuite, dans un second temps. Je penses qu&rsquo;il vaut mieux prendre s&rsquo;accorder un temps d&rsquo;introspection avant de vouloir travailler sur le \u00ab\u00a0apr\u00e8s\u00a0\u00bb.<\/p>\n<p>Ensuite tu peux faire chaque ann\u00e9e ta r\u00e9volution solaire en ayant toutes tes cartes en main&#8230;<\/p>\n<p>Tu peux ainsi saisir tes opportunit\u00e9s en ayant pris un temps d&rsquo;\u00e9tudes essentiel sur ton th\u00e8me natal avant!<\/p>\n<p>&nbsp;<\/p>\n<p><strong>Teaming pour l&rsquo;\u00e9tude de ta R\u00e9volution solaire:<\/strong><\/p>\n<p><strong>Avant ton anniversaire:<\/strong> Je fais ton \u00e9tude au maximum 1 mois avant ta date d&rsquo;anniversaire (tu dois me donner le lieu ou tu seras pour ton anniversaire dans cette \u00e9tude).<\/p>\n<p><strong>Apr\u00e8s ton anniversaire:<\/strong> je peux faire aussi l&rsquo;\u00e9tude juqu&rsquo;\u00e0 6 mois maximum apr\u00e8s ta date d&rsquo;anniversaire. Ce choix te permets d\u00e9j\u00e0 d&rsquo;avoir un recul sur une partie de l&rsquo;ann\u00e9e pass\u00e9e et de comprendre ses \u00ab\u00a0tendances\u00a0\u00bb astrologiques de certains challenges pass\u00e9 et encore \u00e0 venir.<\/p>\n<p>J&rsquo;\u00e9tudis ta R\u00e9volution solaire en direct avec toi sur RDV ZOOM sc\u00e9ance d&rsquo;1 Heure environ. (enregistrement de la s\u00e9ance possible)<\/p>\n<p>Je te propose aussi une option sans visio zoom ( si tu as des problemes de conexion internet):<\/p>\n<p>je t&rsquo;envoie ton audio enregistr\u00e9 d\u2019 1 Heure environ. (si tu ne peux\/ou ne souhaites pas te connecter \u00e0 internet, me le pr\u00e9ciser par message).Ce choix ne te permets pas de voir le partage d\u2019\u00e9cran de ton \u00e9tude astrologique durant l&rsquo;\u00e9tude.<\/p>\n<p>A tr\u00e8s vite!<\/p>\n<p>&nbsp;<\/p>\n","protected":false},"excerpt":{"rendered":"<p>Quelles sont les tendances de ton ciel de ta date anniversaire \u00e0 ta prochaine date anniversaire? D\u00e9couvres les challenges de ta R\u00e9volution solaire annuelle!<\/p>\n<p>&nbsp;<\/p>\n","protected":false},"featured_media":1250,"template":"","meta":{"ocean_post_layout":"","ocean_both_sidebars_style":"","ocean_both_sidebars_content_width":0,"ocean_both_sidebars_sidebars_width":0,"ocean_sidebar":"0","ocean_second_sidebar":"0","ocean_disable_margins":"enable","ocean_add_body_class":"","ocean_shortcode_before_top_bar":"","ocean_shortcode_after_top_bar":"","ocean_shortcode_before_header":"","ocean_shortcode_after_header":"","ocean_has_shortcode":"","ocean_shortcode_after_title":"","ocean_shortcode_before_footer_widgets":"","ocean_shortcode_after_footer_widgets":"","ocean_shortcode_before_footer_bottom":"","ocean_shortcode_after_footer_bottom":"","ocean_display_top_bar":"default","ocean_display_header":"default","ocean_header_style":"","ocean_center_header_left_menu":"0","ocean_custom_header_template":"0","ocean_custom_logo":0,"ocean_custom_retina_logo":0,"ocean_custom_logo_max_width":0,"ocean_custom_logo_tablet_max_width":0,"ocean_custom_logo_mobile_max_width":0,"ocean_custom_logo_max_height":0,"ocean_custom_logo_tablet_max_height":0,"ocean_custom_logo_mobile_max_height":0,"ocean_header_custom_menu":"0","ocean_menu_typo_font_family":"0","ocean_menu_typo_font_subset":"","ocean_menu_typo_font_size":0,"ocean_menu_typo_font_size_tablet":0,"ocean_menu_typo_font_size_mobile":0,"ocean_menu_typo_font_size_unit":"px","ocean_menu_typo_font_weight":"","ocean_menu_typo_font_weight_tablet":"","ocean_menu_typo_font_weight_mobile":"","ocean_menu_typo_transform":"","ocean_menu_typo_transform_tablet":"","ocean_menu_typo_transform_mobile":"","ocean_menu_typo_line_height":0,"ocean_menu_typo_line_height_tablet":0,"ocean_menu_typo_line_height_mobile":0,"ocean_menu_typo_line_height_unit":"","ocean_menu_typo_spacing":0,"ocean_menu_typo_spacing_tablet":0,"ocean_menu_typo_spacing_mobile":0,"ocean_menu_typo_spacing_unit":"","ocean_menu_link_color":"","ocean_menu_link_color_hover":"","ocean_menu_link_color_active":"","ocean_menu_link_background":"","ocean_menu_link_hover_background":"","ocean_menu_link_active_background":"","ocean_menu_social_links_bg":"","ocean_menu_social_hover_links_bg":"","ocean_menu_social_links_color":"","ocean_menu_social_hover_links_color":"","ocean_disable_title":"default","ocean_disable_heading":"default","ocean_post_title":"","ocean_post_subheading":"","ocean_post_title_style":"","ocean_post_title_background_color":"","ocean_post_title_background":0,"ocean_post_title_bg_image_position":"","ocean_post_title_bg_image_attachment":"","ocean_post_title_bg_image_repeat":"","ocean_post_title_bg_image_size":"","ocean_post_title_height":0,"ocean_post_title_bg_overlay":0.5,"ocean_post_title_bg_overlay_color":"","ocean_disable_breadcrumbs":"default","ocean_breadcrumbs_color":"","ocean_breadcrumbs_separator_color":"","ocean_breadcrumbs_links_color":"","ocean_breadcrumbs_links_hover_color":"","ocean_display_footer_widgets":"default","ocean_display_footer_bottom":"default","ocean_custom_footer_template":"0"},"product_cat":[43],"product_tag":[],"yoast_head":"<!-- This site is optimized with the Yoast SEO plugin v22.8 - https:\/\/yoast.com\/wordpress\/plugins\/seo\/ -->\n<title>ASTRO R\u00e9volution solaire - Tes cartes du ciel<\/title>\n<meta name=\"description\" content=\"Quelles sont les tendances de ton ciel de ta date anniversaire \u00e0 ta prochaine date anniversaire? D\u00e9couvres les challenges de ta R\u00e9volution solaire annuelle!\" \/>\n<meta name=\"robots\" content=\"index, follow, max-snippet:-1, max-image-preview:large, max-video-preview:-1\" \/>\n<link rel=\"canonical\" href=\"https:\/\/tescartesduciel.com\/?product=revolution-solaire\" \/>\n<meta property=\"og:locale\" content=\"fr_FR\" \/>\n<meta property=\"og:type\" content=\"article\" \/>\n<meta property=\"og:title\" content=\"ASTRO R\u00e9volution solaire - Tes cartes du ciel\" \/>\n<meta property=\"og:description\" content=\"Quelles sont les tendances de ton ciel de ta date anniversaire \u00e0 ta prochaine date anniversaire? D\u00e9couvres les challenges de ta R\u00e9volution solaire annuelle!\" \/>\n<meta property=\"og:url\" content=\"https:\/\/tescartesduciel.com\/?product=revolution-solaire\" \/>\n<meta property=\"og:site_name\" content=\"Tes cartes du ciel\" \/>\n<meta property=\"article:modified_time\" content=\"2024-06-28T16:02:48+00:00\" \/>\n<meta property=\"og:image\" content=\"http:\/\/tescartesduciel.com\/wp-content\/uploads\/2024\/06\/ai-generated-8676913_1920-2.jpg\" \/>\n\t<meta property=\"og:image:width\" content=\"1920\" \/>\n\t<meta property=\"og:image:height\" content=\"1920\" \/>\n\t<meta property=\"og:image:type\" content=\"image\/jpeg\" \/>\n<meta name=\"twitter:card\" content=\"summary_large_image\" \/>\n<meta name=\"twitter:label1\" content=\"Dur\u00e9e de lecture estim\u00e9e\" \/>\n\t<meta name=\"twitter:data1\" content=\"2 minutes\" \/>\n<script type=\"application\/ld+json\" class=\"yoast-schema-graph\">{\"@context\":\"https:\/\/schema.org\",\"@graph\":[{\"@type\":\"WebPage\",\"@id\":\"https:\/\/tescartesduciel.com\/?product=revolution-solaire\",\"url\":\"https:\/\/tescartesduciel.com\/?product=revolution-solaire\",\"name\":\"ASTRO R\u00e9volution solaire - Tes cartes du ciel\",\"isPartOf\":{\"@id\":\"https:\/\/tescartesduciel.com\/#website\"},\"primaryImageOfPage\":{\"@id\":\"https:\/\/tescartesduciel.com\/?product=revolution-solaire#primaryimage\"},\"image\":{\"@id\":\"https:\/\/tescartesduciel.com\/?product=revolution-solaire#primaryimage\"},\"thumbnailUrl\":\"https:\/\/tescartesduciel.com\/wp-content\/uploads\/2024\/06\/ai-generated-8676913_1920-2.jpg\",\"datePublished\":\"2024-06-04T14:48:23+00:00\",\"dateModified\":\"2024-06-28T16:02:48+00:00\",\"description\":\"Quelles sont les tendances de ton ciel de ta date anniversaire \u00e0 ta prochaine date anniversaire? D\u00e9couvres les challenges de ta R\u00e9volution solaire annuelle!\",\"breadcrumb\":{\"@id\":\"https:\/\/tescartesduciel.com\/?product=revolution-solaire#breadcrumb\"},\"inLanguage\":\"fr-FR\",\"potentialAction\":[{\"@type\":\"ReadAction\",\"target\":[\"https:\/\/tescartesduciel.com\/?product=revolution-solaire\"]}]},{\"@type\":\"ImageObject\",\"inLanguage\":\"fr-FR\",\"@id\":\"https:\/\/tescartesduciel.com\/?product=revolution-solaire#primaryimage\",\"url\":\"https:\/\/tescartesduciel.com\/wp-content\/uploads\/2024\/06\/ai-generated-8676913_1920-2.jpg\",\"contentUrl\":\"https:\/\/tescartesduciel.com\/wp-content\/uploads\/2024\/06\/ai-generated-8676913_1920-2.jpg\",\"width\":1920,\"height\":1920},{\"@type\":\"BreadcrumbList\",\"@id\":\"https:\/\/tescartesduciel.com\/?product=revolution-solaire#breadcrumb\",\"itemListElement\":[{\"@type\":\"ListItem\",\"position\":1,\"name\":\"Accueil\",\"item\":\"https:\/\/tescartesduciel.com\/\"},{\"@type\":\"ListItem\",\"position\":2,\"name\":\"Produits\",\"item\":\"https:\/\/tescartesduciel.com\/?post_type=product\"},{\"@type\":\"ListItem\",\"position\":3,\"name\":\"ASTRO R\u00e9volution solaire\"}]},{\"@type\":\"WebSite\",\"@id\":\"https:\/\/tescartesduciel.com\/#website\",\"url\":\"https:\/\/tescartesduciel.com\/\",\"name\":\"Tes cartes du ciel\",\"description\":\"explores tes possibles\",\"potentialAction\":[{\"@type\":\"SearchAction\",\"target\":{\"@type\":\"EntryPoint\",\"urlTemplate\":\"https:\/\/tescartesduciel.com\/?s={search_term_string}\"},\"query-input\":\"required name=search_term_string\"}],\"inLanguage\":\"fr-FR\"}]}<\/script>\n<!-- \/ Yoast SEO plugin. -->","yoast_head_json":{"title":"ASTRO R\u00e9volution solaire - Tes cartes du ciel","description":"Quelles sont les tendances de ton ciel de ta date anniversaire \u00e0 ta prochaine date anniversaire? D\u00e9couvres les challenges de ta R\u00e9volution solaire annuelle!","robots":{"index":"index","follow":"follow","max-snippet":"max-snippet:-1","max-image-preview":"max-image-preview:large","max-video-preview":"max-video-preview:-1"},"canonical":"https:\/\/tescartesduciel.com\/?product=revolution-solaire","og_locale":"fr_FR","og_type":"article","og_title":"ASTRO R\u00e9volution solaire - Tes cartes du ciel","og_description":"Quelles sont les tendances de ton ciel de ta date anniversaire \u00e0 ta prochaine date anniversaire? D\u00e9couvres les challenges de ta R\u00e9volution solaire annuelle!","og_url":"https:\/\/tescartesduciel.com\/?product=revolution-solaire","og_site_name":"Tes cartes du ciel","article_modified_time":"2024-06-28T16:02:48+00:00","og_image":[{"width":1920,"height":1920,"url":"http:\/\/tescartesduciel.com\/wp-content\/uploads\/2024\/06\/ai-generated-8676913_1920-2.jpg","type":"image\/jpeg"}],"twitter_card":"summary_large_image","twitter_misc":{"Dur\u00e9e de lecture estim\u00e9e":"2 minutes"},"schema":{"@context":"https:\/\/schema.org","@graph":[{"@type":"WebPage","@id":"https:\/\/tescartesduciel.com\/?product=revolution-solaire","url":"https:\/\/tescartesduciel.com\/?product=revolution-solaire","name":"ASTRO R\u00e9volution solaire - Tes cartes du ciel","isPartOf":{"@id":"https:\/\/tescartesduciel.com\/#website"},"primaryImageOfPage":{"@id":"https:\/\/tescartesduciel.com\/?product=revolution-solaire#primaryimage"},"image":{"@id":"https:\/\/tescartesduciel.com\/?product=revolution-solaire#primaryimage"},"thumbnailUrl":"https:\/\/tescartesduciel.com\/wp-content\/uploads\/2024\/06\/ai-generated-8676913_1920-2.jpg","datePublished":"2024-06-04T14:48:23+00:00","dateModified":"2024-06-28T16:02:48+00:00","description":"Quelles sont les tendances de ton ciel de ta date anniversaire \u00e0 ta prochaine date anniversaire? D\u00e9couvres les challenges de ta R\u00e9volution solaire annuelle!","breadcrumb":{"@id":"https:\/\/tescartesduciel.com\/?product=revolution-solaire#breadcrumb"},"inLanguage":"fr-FR","potentialAction":[{"@type":"ReadAction","target":["https:\/\/tescartesduciel.com\/?product=revolution-solaire"]}]},{"@type":"ImageObject","inLanguage":"fr-FR","@id":"https:\/\/tescartesduciel.com\/?product=revolution-solaire#primaryimage","url":"https:\/\/tescartesduciel.com\/wp-content\/uploads\/2024\/06\/ai-generated-8676913_1920-2.jpg","contentUrl":"https:\/\/tescartesduciel.com\/wp-content\/uploads\/2024\/06\/ai-generated-8676913_1920-2.jpg","width":1920,"height":1920},{"@type":"BreadcrumbList","@id":"https:\/\/tescartesduciel.com\/?product=revolution-solaire#breadcrumb","itemListElement":[{"@type":"ListItem","position":1,"name":"Accueil","item":"https:\/\/tescartesduciel.com\/"},{"@type":"ListItem","position":2,"name":"Produits","item":"https:\/\/tescartesduciel.com\/?post_type=product"},{"@type":"ListItem","position":3,"name":"ASTRO R\u00e9volution solaire"}]},{"@type":"WebSite","@id":"https:\/\/tescartesduciel.com\/#website","url":"https:\/\/tescartesduciel.com\/","name":"Tes cartes du ciel","description":"explores tes possibles","potentialAction":[{"@type":"SearchAction","target":{"@type":"EntryPoint","urlTemplate":"https:\/\/tescartesduciel.com\/?s={search_term_string}"},"query-input":"required name=search_term_string"}],"inLanguage":"fr-FR"}]}},"_links":{"self":[{"href":"https:\/\/tescartesduciel.com\/index.php?rest_route=\/wp\/v2\/product\/1097"}],"collection":[{"href":"https:\/\/tescartesduciel.com\/index.php?rest_route=\/wp\/v2\/product"}],"about":[{"href":"https:\/\/tescartesduciel.com\/index.php?rest_route=\/wp\/v2\/types\/product"}],"version-history":[{"count":4,"href":"https:\/\/tescartesduciel.com\/index.php?rest_route=\/wp\/v2\/product\/1097\/revisions"}],"predecessor-version":[{"id":1306,"href":"https:\/\/tescartesduciel.com\/index.php?rest_route=\/wp\/v2\/product\/1097\/revisions\/1306"}],"wp:featuredmedia":[{"embeddable":true,"href":"https:\/\/tescartesduciel.com\/index.php?rest_route=\/wp\/v2\/media\/1250"}],"wp:attachment":[{"href":"https:\/\/tescartesduciel.com\/index.php?rest_route=%2Fwp%2Fv2%2Fmedia&parent=1097"}],"wp:term":[{"taxonomy":"product_cat","embeddable":true,"href":"https:\/\/tescartesduciel.com\/index.php?rest_route=%2Fwp%2Fv2%2Fproduct_cat&post=1097"},{"taxonomy":"product_tag","embeddable":true,"href":"https:\/\/tescartesduciel.com\/index.php?rest_route=%2Fwp%2Fv2%2Fproduct_tag&post=1097"}],"curies":[{"name":"wp","href":"https:\/\/api.w.org\/{rel}","templated":true}]}}