{"id":1099,"date":"2024-06-04T16:52:14","date_gmt":"2024-06-04T14:52:14","guid":{"rendered":"https:\/\/tescartesduciel.com\/?post_type=product&#038;p=1099"},"modified":"2024-06-28T16:34:03","modified_gmt":"2024-06-28T14:34:03","slug":"synastrie","status":"publish","type":"product","link":"https:\/\/tescartesduciel.com\/?product=synastrie","title":{"rendered":"ASTRO Synastrie"},"content":{"rendered":"<h4>Ta compatibilit\u00e9 amoureuse, amicale, professionnel&#8230;<\/h4>\n<p>Calcules ta synastrie pour connaitre ta compatibilit\u00e9 astrologique avec quelqu&rsquo;un!<\/p>\n<p>La synastrie \u00e9tudie ton th\u00e8me et ta compatibilit\u00e9 avec le th\u00e8me d&rsquo;une autre personne.<\/p>\n<p>Cette \u00e9tude de compatibilit\u00e9 par 2 th\u00e8mes astrologiques peut \u00eatre amoureuse, mais pas que:<\/p>\n<p>Vous \u00eates un jeune couple ou un couple avec d\u00e9j\u00e0 quelques ann\u00e9es d\u2019existence? un partenariat professionnel? des ami(e)s de longue date? &#8230; Je te conseils dans votre duo pr\u00e9sent et\/ou \u00e0 venir! Quelle est ou quelle sera l&rsquo;\u00e9nergie de cette relation?<\/p>\n<p>Mon \u00e9tude prends en compte l\u2019heure d\u2019hiver et le d\u00e9calage horaire (fuseaux), de n\u2019importe quel village ou ville de naissance, dans le monde.<\/p>\n<p>Les \u00e9l\u00e9ments compl\u00e9mentaires ou oppos\u00e9s de chaque th\u00e8me sont mis en \u00e9vidence par superposition des deux th\u00e8mes et ainsi je calcule vos affinit\u00e9s!<\/p>\n<p>Avec Tes cartes du ciel: Explores tes possibles!<\/p>\n<p>Je r\u00e9alise ton analyse de Synastrie en direct avec toi sur RDV ZOOM sc\u00e9ance d&rsquo;1 Heure environ. (enregistrement de la s\u00e9ance possible)<\/p>\n","protected":false},"excerpt":{"rendered":"<p>Analyse DUO! Compares ton th\u00e8me astro et celui de ton partenaire amoureux, amicale ou professionnel&#8230;Quelles \u00e9nergies vont vous faire avancer?<\/p>\n","protected":false},"featured_media":1247,"template":"","meta":{"ocean_post_layout":"","ocean_both_sidebars_style":"","ocean_both_sidebars_content_width":0,"ocean_both_sidebars_sidebars_width":0,"ocean_sidebar":"0","ocean_second_sidebar":"0","ocean_disable_margins":"enable","ocean_add_body_class":"","ocean_shortcode_before_top_bar":"","ocean_shortcode_after_top_bar":"","ocean_shortcode_before_header":"","ocean_shortcode_after_header":"","ocean_has_shortcode":"","ocean_shortcode_after_title":"","ocean_shortcode_before_footer_widgets":"","ocean_shortcode_after_footer_widgets":"","ocean_shortcode_before_footer_bottom":"","ocean_shortcode_after_footer_bottom":"","ocean_display_top_bar":"default","ocean_display_header":"default","ocean_header_style":"","ocean_center_header_left_menu":"0","ocean_custom_header_template":"0","ocean_custom_logo":0,"ocean_custom_retina_logo":0,"ocean_custom_logo_max_width":0,"ocean_custom_logo_tablet_max_width":0,"ocean_custom_logo_mobile_max_width":0,"ocean_custom_logo_max_height":0,"ocean_custom_logo_tablet_max_height":0,"ocean_custom_logo_mobile_max_height":0,"ocean_header_custom_menu":"0","ocean_menu_typo_font_family":"0","ocean_menu_typo_font_subset":"","ocean_menu_typo_font_size":0,"ocean_menu_typo_font_size_tablet":0,"ocean_menu_typo_font_size_mobile":0,"ocean_menu_typo_font_size_unit":"px","ocean_menu_typo_font_weight":"","ocean_menu_typo_font_weight_tablet":"","ocean_menu_typo_font_weight_mobile":"","ocean_menu_typo_transform":"","ocean_menu_typo_transform_tablet":"","ocean_menu_typo_transform_mobile":"","ocean_menu_typo_line_height":0,"ocean_menu_typo_line_height_tablet":0,"ocean_menu_typo_line_height_mobile":0,"ocean_menu_typo_line_height_unit":"","ocean_menu_typo_spacing":0,"ocean_menu_typo_spacing_tablet":0,"ocean_menu_typo_spacing_mobile":0,"ocean_menu_typo_spacing_unit":"","ocean_menu_link_color":"","ocean_menu_link_color_hover":"","ocean_menu_link_color_active":"","ocean_menu_link_background":"","ocean_menu_link_hover_background":"","ocean_menu_link_active_background":"","ocean_menu_social_links_bg":"","ocean_menu_social_hover_links_bg":"","ocean_menu_social_links_color":"","ocean_menu_social_hover_links_color":"","ocean_disable_title":"default","ocean_disable_heading":"default","ocean_post_title":"","ocean_post_subheading":"","ocean_post_title_style":"","ocean_post_title_background_color":"","ocean_post_title_background":0,"ocean_post_title_bg_image_position":"","ocean_post_title_bg_image_attachment":"","ocean_post_title_bg_image_repeat":"","ocean_post_title_bg_image_size":"","ocean_post_title_height":0,"ocean_post_title_bg_overlay":0.5,"ocean_post_title_bg_overlay_color":"","ocean_disable_breadcrumbs":"default","ocean_breadcrumbs_color":"","ocean_breadcrumbs_separator_color":"","ocean_breadcrumbs_links_color":"","ocean_breadcrumbs_links_hover_color":"","ocean_display_footer_widgets":"default","ocean_display_footer_bottom":"default","ocean_custom_footer_template":"0"},"product_cat":[43],"product_tag":[],"yoast_head":"<!-- This site is optimized with the Yoast SEO plugin v22.8 - https:\/\/yoast.com\/wordpress\/plugins\/seo\/ -->\n<title>ASTRO Synastrie - Tes cartes du ciel<\/title>\n<meta name=\"description\" content=\"Analyse DUO! Compares ton th\u00e8me astro et celui de ton partenaire amoureux, amicale ou professionnel...Quelles \u00e9nergies vont vous faire avancer? Cliques ici!\" \/>\n<meta name=\"robots\" content=\"index, follow, max-snippet:-1, max-image-preview:large, max-video-preview:-1\" \/>\n<link rel=\"canonical\" href=\"https:\/\/tescartesduciel.com\/?product=synastrie\" \/>\n<meta property=\"og:locale\" content=\"fr_FR\" \/>\n<meta property=\"og:type\" content=\"article\" \/>\n<meta property=\"og:title\" content=\"ASTRO Synastrie - Tes cartes du ciel\" \/>\n<meta property=\"og:description\" content=\"Analyse DUO! Compares ton th\u00e8me astro et celui de ton partenaire amoureux, amicale ou professionnel...Quelles \u00e9nergies vont vous faire avancer? Cliques ici!\" \/>\n<meta property=\"og:url\" content=\"https:\/\/tescartesduciel.com\/?product=synastrie\" \/>\n<meta property=\"og:site_name\" content=\"Tes cartes du ciel\" \/>\n<meta property=\"article:modified_time\" content=\"2024-06-28T14:34:03+00:00\" \/>\n<meta property=\"og:image\" content=\"http:\/\/tescartesduciel.com\/wp-content\/uploads\/2024\/06\/ai-generated-8567636_1920-2.jpg\" \/>\n\t<meta property=\"og:image:width\" content=\"1920\" \/>\n\t<meta property=\"og:image:height\" content=\"1280\" \/>\n\t<meta property=\"og:image:type\" content=\"image\/jpeg\" \/>\n<meta name=\"twitter:card\" content=\"summary_large_image\" \/>\n<meta name=\"twitter:label1\" content=\"Dur\u00e9e de lecture estim\u00e9e\" \/>\n\t<meta name=\"twitter:data1\" content=\"2 minutes\" \/>\n<script type=\"application\/ld+json\" class=\"yoast-schema-graph\">{\"@context\":\"https:\/\/schema.org\",\"@graph\":[{\"@type\":\"WebPage\",\"@id\":\"https:\/\/tescartesduciel.com\/?product=synastrie\",\"url\":\"https:\/\/tescartesduciel.com\/?product=synastrie\",\"name\":\"ASTRO Synastrie - Tes cartes du ciel\",\"isPartOf\":{\"@id\":\"https:\/\/tescartesduciel.com\/#website\"},\"primaryImageOfPage\":{\"@id\":\"https:\/\/tescartesduciel.com\/?product=synastrie#primaryimage\"},\"image\":{\"@id\":\"https:\/\/tescartesduciel.com\/?product=synastrie#primaryimage\"},\"thumbnailUrl\":\"https:\/\/tescartesduciel.com\/wp-content\/uploads\/2024\/06\/ai-generated-8567636_1920-2.jpg\",\"datePublished\":\"2024-06-04T14:52:14+00:00\",\"dateModified\":\"2024-06-28T14:34:03+00:00\",\"description\":\"Analyse DUO! Compares ton th\u00e8me astro et celui de ton partenaire amoureux, amicale ou professionnel...Quelles \u00e9nergies vont vous faire avancer? Cliques ici!\",\"breadcrumb\":{\"@id\":\"https:\/\/tescartesduciel.com\/?product=synastrie#breadcrumb\"},\"inLanguage\":\"fr-FR\",\"potentialAction\":[{\"@type\":\"ReadAction\",\"target\":[\"https:\/\/tescartesduciel.com\/?product=synastrie\"]}]},{\"@type\":\"ImageObject\",\"inLanguage\":\"fr-FR\",\"@id\":\"https:\/\/tescartesduciel.com\/?product=synastrie#primaryimage\",\"url\":\"https:\/\/tescartesduciel.com\/wp-content\/uploads\/2024\/06\/ai-generated-8567636_1920-2.jpg\",\"contentUrl\":\"https:\/\/tescartesduciel.com\/wp-content\/uploads\/2024\/06\/ai-generated-8567636_1920-2.jpg\",\"width\":1920,\"height\":1280},{\"@type\":\"BreadcrumbList\",\"@id\":\"https:\/\/tescartesduciel.com\/?product=synastrie#breadcrumb\",\"itemListElement\":[{\"@type\":\"ListItem\",\"position\":1,\"name\":\"Accueil\",\"item\":\"https:\/\/tescartesduciel.com\/\"},{\"@type\":\"ListItem\",\"position\":2,\"name\":\"Produits\",\"item\":\"https:\/\/tescartesduciel.com\/?post_type=product\"},{\"@type\":\"ListItem\",\"position\":3,\"name\":\"ASTRO Synastrie\"}]},{\"@type\":\"WebSite\",\"@id\":\"https:\/\/tescartesduciel.com\/#website\",\"url\":\"https:\/\/tescartesduciel.com\/\",\"name\":\"Tes cartes du ciel\",\"description\":\"explores tes possibles\",\"potentialAction\":[{\"@type\":\"SearchAction\",\"target\":{\"@type\":\"EntryPoint\",\"urlTemplate\":\"https:\/\/tescartesduciel.com\/?s={search_term_string}\"},\"query-input\":\"required name=search_term_string\"}],\"inLanguage\":\"fr-FR\"}]}<\/script>\n<!-- \/ Yoast SEO plugin. -->","yoast_head_json":{"title":"ASTRO Synastrie - Tes cartes du ciel","description":"Analyse DUO! Compares ton th\u00e8me astro et celui de ton partenaire amoureux, amicale ou professionnel...Quelles \u00e9nergies vont vous faire avancer? Cliques ici!","robots":{"index":"index","follow":"follow","max-snippet":"max-snippet:-1","max-image-preview":"max-image-preview:large","max-video-preview":"max-video-preview:-1"},"canonical":"https:\/\/tescartesduciel.com\/?product=synastrie","og_locale":"fr_FR","og_type":"article","og_title":"ASTRO Synastrie - Tes cartes du ciel","og_description":"Analyse DUO! Compares ton th\u00e8me astro et celui de ton partenaire amoureux, amicale ou professionnel...Quelles \u00e9nergies vont vous faire avancer? Cliques ici!","og_url":"https:\/\/tescartesduciel.com\/?product=synastrie","og_site_name":"Tes cartes du ciel","article_modified_time":"2024-06-28T14:34:03+00:00","og_image":[{"width":1920,"height":1280,"url":"http:\/\/tescartesduciel.com\/wp-content\/uploads\/2024\/06\/ai-generated-8567636_1920-2.jpg","type":"image\/jpeg"}],"twitter_card":"summary_large_image","twitter_misc":{"Dur\u00e9e de lecture estim\u00e9e":"2 minutes"},"schema":{"@context":"https:\/\/schema.org","@graph":[{"@type":"WebPage","@id":"https:\/\/tescartesduciel.com\/?product=synastrie","url":"https:\/\/tescartesduciel.com\/?product=synastrie","name":"ASTRO Synastrie - Tes cartes du ciel","isPartOf":{"@id":"https:\/\/tescartesduciel.com\/#website"},"primaryImageOfPage":{"@id":"https:\/\/tescartesduciel.com\/?product=synastrie#primaryimage"},"image":{"@id":"https:\/\/tescartesduciel.com\/?product=synastrie#primaryimage"},"thumbnailUrl":"https:\/\/tescartesduciel.com\/wp-content\/uploads\/2024\/06\/ai-generated-8567636_1920-2.jpg","datePublished":"2024-06-04T14:52:14+00:00","dateModified":"2024-06-28T14:34:03+00:00","description":"Analyse DUO! Compares ton th\u00e8me astro et celui de ton partenaire amoureux, amicale ou professionnel...Quelles \u00e9nergies vont vous faire avancer? Cliques ici!","breadcrumb":{"@id":"https:\/\/tescartesduciel.com\/?product=synastrie#breadcrumb"},"inLanguage":"fr-FR","potentialAction":[{"@type":"ReadAction","target":["https:\/\/tescartesduciel.com\/?product=synastrie"]}]},{"@type":"ImageObject","inLanguage":"fr-FR","@id":"https:\/\/tescartesduciel.com\/?product=synastrie#primaryimage","url":"https:\/\/tescartesduciel.com\/wp-content\/uploads\/2024\/06\/ai-generated-8567636_1920-2.jpg","contentUrl":"https:\/\/tescartesduciel.com\/wp-content\/uploads\/2024\/06\/ai-generated-8567636_1920-2.jpg","width":1920,"height":1280},{"@type":"BreadcrumbList","@id":"https:\/\/tescartesduciel.com\/?product=synastrie#breadcrumb","itemListElement":[{"@type":"ListItem","position":1,"name":"Accueil","item":"https:\/\/tescartesduciel.com\/"},{"@type":"ListItem","position":2,"name":"Produits","item":"https:\/\/tescartesduciel.com\/?post_type=product"},{"@type":"ListItem","position":3,"name":"ASTRO Synastrie"}]},{"@type":"WebSite","@id":"https:\/\/tescartesduciel.com\/#website","url":"https:\/\/tescartesduciel.com\/","name":"Tes cartes du ciel","description":"explores tes possibles","potentialAction":[{"@type":"SearchAction","target":{"@type":"EntryPoint","urlTemplate":"https:\/\/tescartesduciel.com\/?s={search_term_string}"},"query-input":"required name=search_term_string"}],"inLanguage":"fr-FR"}]}},"_links":{"self":[{"href":"https:\/\/tescartesduciel.com\/index.php?rest_route=\/wp\/v2\/product\/1099"}],"collection":[{"href":"https:\/\/tescartesduciel.com\/index.php?rest_route=\/wp\/v2\/product"}],"about":[{"href":"https:\/\/tescartesduciel.com\/index.php?rest_route=\/wp\/v2\/types\/product"}],"version-history":[{"count":6,"href":"https:\/\/tescartesduciel.com\/index.php?rest_route=\/wp\/v2\/product\/1099\/revisions"}],"predecessor-version":[{"id":1302,"href":"https:\/\/tescartesduciel.com\/index.php?rest_route=\/wp\/v2\/product\/1099\/revisions\/1302"}],"wp:featuredmedia":[{"embeddable":true,"href":"https:\/\/tescartesduciel.com\/index.php?rest_route=\/wp\/v2\/media\/1247"}],"wp:attachment":[{"href":"https:\/\/tescartesduciel.com\/index.php?rest_route=%2Fwp%2Fv2%2Fmedia&parent=1099"}],"wp:term":[{"taxonomy":"product_cat","embeddable":true,"href":"https:\/\/tescartesduciel.com\/index.php?rest_route=%2Fwp%2Fv2%2Fproduct_cat&post=1099"},{"taxonomy":"product_tag","embeddable":true,"href":"https:\/\/tescartesduciel.com\/index.php?rest_route=%2Fwp%2Fv2%2Fproduct_tag&post=1099"}],"curies":[{"name":"wp","href":"https:\/\/api.w.org\/{rel}","templated":true}]}}