{"id":1105,"date":"2024-06-04T16:58:05","date_gmt":"2024-06-04T14:58:05","guid":{"rendered":"https:\/\/tescartesduciel.com\/?post_type=product&#038;p=1105"},"modified":"2024-06-29T18:22:13","modified_gmt":"2024-06-29T16:22:13","slug":"guidance","status":"publish","type":"product","link":"https:\/\/tescartesduciel.com\/?product=guidance","title":{"rendered":"TAROTS Guidance 1H"},"content":{"rendered":"<p><strong>TAROTS guidance 1H:<\/strong><\/p>\n<p>Je te proposes un tarots guidance (2 \u00e0 3 questions):<\/p>\n<p>Cette sc\u00e9ance te permets de t&rsquo;orienter dans diff\u00e9rents domaines:<\/p>\n<p>Tes questions peuvent concerner ta vie sentimentale, un conflits psychiques ou \u00e9motionnels, des comportements d\u2019auto sabotages, une th\u00e9matiques mat\u00e9rielles, une difficult\u00e9s \u00e9nerg\u00e9tique\/somatique, ta voie professionnelle et (r\u00e9)orientation pro\u2026<\/p>\n<p>Cette guidance par les cartes te permets de voir plus claire dans ta situation actuelle et \u00e0 venir.<\/p>\n<p>La consultation se fait sur zoom et dure environ 1 heure. Je t&rsquo;enverrai le lien et un message de rappel quelques jour avant le RDV. La conexion \u00e0 la plate forme zoom est gratuite.<\/p>\n<p>Pr\u00e9sentiel visio uniquement.<\/p>\n<p>A tr\u00e8s vite!<\/p>\n","protected":false},"excerpt":{"rendered":"<p>Je te proposes un tarots guidance (2 \u00e0 3 questions) sc\u00e9ance de +\/- 1 heure : Amour, r\u00e9orientation pro, th\u00e9matique materielle, projets divers&#8230;Bienvenue \u00e0 toi!<\/p>\n","protected":false},"featured_media":1106,"template":"","meta":{"ocean_post_layout":"","ocean_both_sidebars_style":"","ocean_both_sidebars_content_width":0,"ocean_both_sidebars_sidebars_width":0,"ocean_sidebar":"0","ocean_second_sidebar":"0","ocean_disable_margins":"enable","ocean_add_body_class":"","ocean_shortcode_before_top_bar":"","ocean_shortcode_after_top_bar":"","ocean_shortcode_before_header":"","ocean_shortcode_after_header":"","ocean_has_shortcode":"","ocean_shortcode_after_title":"","ocean_shortcode_before_footer_widgets":"","ocean_shortcode_after_footer_widgets":"","ocean_shortcode_before_footer_bottom":"","ocean_shortcode_after_footer_bottom":"","ocean_display_top_bar":"default","ocean_display_header":"default","ocean_header_style":"","ocean_center_header_left_menu":"0","ocean_custom_header_template":"0","ocean_custom_logo":0,"ocean_custom_retina_logo":0,"ocean_custom_logo_max_width":0,"ocean_custom_logo_tablet_max_width":0,"ocean_custom_logo_mobile_max_width":0,"ocean_custom_logo_max_height":0,"ocean_custom_logo_tablet_max_height":0,"ocean_custom_logo_mobile_max_height":0,"ocean_header_custom_menu":"0","ocean_menu_typo_font_family":"0","ocean_menu_typo_font_subset":"","ocean_menu_typo_font_size":0,"ocean_menu_typo_font_size_tablet":0,"ocean_menu_typo_font_size_mobile":0,"ocean_menu_typo_font_size_unit":"px","ocean_menu_typo_font_weight":"","ocean_menu_typo_font_weight_tablet":"","ocean_menu_typo_font_weight_mobile":"","ocean_menu_typo_transform":"","ocean_menu_typo_transform_tablet":"","ocean_menu_typo_transform_mobile":"","ocean_menu_typo_line_height":0,"ocean_menu_typo_line_height_tablet":0,"ocean_menu_typo_line_height_mobile":0,"ocean_menu_typo_line_height_unit":"","ocean_menu_typo_spacing":0,"ocean_menu_typo_spacing_tablet":0,"ocean_menu_typo_spacing_mobile":0,"ocean_menu_typo_spacing_unit":"","ocean_menu_link_color":"","ocean_menu_link_color_hover":"","ocean_menu_link_color_active":"","ocean_menu_link_background":"","ocean_menu_link_hover_background":"","ocean_menu_link_active_background":"","ocean_menu_social_links_bg":"","ocean_menu_social_hover_links_bg":"","ocean_menu_social_links_color":"","ocean_menu_social_hover_links_color":"","ocean_disable_title":"default","ocean_disable_heading":"default","ocean_post_title":"","ocean_post_subheading":"","ocean_post_title_style":"","ocean_post_title_background_color":"","ocean_post_title_background":0,"ocean_post_title_bg_image_position":"","ocean_post_title_bg_image_attachment":"","ocean_post_title_bg_image_repeat":"","ocean_post_title_bg_image_size":"","ocean_post_title_height":0,"ocean_post_title_bg_overlay":0.5,"ocean_post_title_bg_overlay_color":"","ocean_disable_breadcrumbs":"default","ocean_breadcrumbs_color":"","ocean_breadcrumbs_separator_color":"","ocean_breadcrumbs_links_color":"","ocean_breadcrumbs_links_hover_color":"","ocean_display_footer_widgets":"default","ocean_display_footer_bottom":"default","ocean_custom_footer_template":"0"},"product_cat":[34],"product_tag":[],"yoast_head":"<!-- This site is optimized with the Yoast SEO plugin v22.8 - https:\/\/yoast.com\/wordpress\/plugins\/seo\/ -->\n<title>TAROTS Guidance 1H - Tes cartes du ciel<\/title>\n<meta name=\"description\" content=\"Guidance par le tarots, RDV en visio sur selon tes disponibilit\u00e9es! Amour, r\u00e9orientation pro, th\u00e9matique materielle, projets divers...Bienvenue \u00e0 toi!\" \/>\n<meta name=\"robots\" content=\"index, follow, max-snippet:-1, max-image-preview:large, max-video-preview:-1\" \/>\n<link rel=\"canonical\" href=\"https:\/\/tescartesduciel.com\/?product=guidance\" \/>\n<meta property=\"og:locale\" content=\"fr_FR\" \/>\n<meta property=\"og:type\" content=\"article\" \/>\n<meta property=\"og:title\" content=\"TAROTS Guidance 1H - Tes cartes du ciel\" \/>\n<meta property=\"og:description\" content=\"Guidance par le tarots, RDV en visio sur selon tes disponibilit\u00e9es! Amour, r\u00e9orientation pro, th\u00e9matique materielle, projets divers...Bienvenue \u00e0 toi!\" \/>\n<meta property=\"og:url\" content=\"https:\/\/tescartesduciel.com\/?product=guidance\" \/>\n<meta property=\"og:site_name\" content=\"Tes cartes du ciel\" \/>\n<meta property=\"article:modified_time\" content=\"2024-06-29T16:22:13+00:00\" \/>\n<meta property=\"og:image\" content=\"http:\/\/tescartesduciel.com\/wp-content\/uploads\/2024\/06\/fortune-telling-2458920_1280-2.jpg\" \/>\n\t<meta property=\"og:image:width\" content=\"1280\" \/>\n\t<meta property=\"og:image:height\" content=\"853\" \/>\n\t<meta property=\"og:image:type\" content=\"image\/jpeg\" \/>\n<meta name=\"twitter:card\" content=\"summary_large_image\" \/>\n<meta name=\"twitter:label1\" content=\"Dur\u00e9e de lecture estim\u00e9e\" \/>\n\t<meta name=\"twitter:data1\" content=\"1 minute\" \/>\n<script type=\"application\/ld+json\" class=\"yoast-schema-graph\">{\"@context\":\"https:\/\/schema.org\",\"@graph\":[{\"@type\":\"WebPage\",\"@id\":\"https:\/\/tescartesduciel.com\/?product=guidance\",\"url\":\"https:\/\/tescartesduciel.com\/?product=guidance\",\"name\":\"TAROTS Guidance 1H - Tes cartes du ciel\",\"isPartOf\":{\"@id\":\"https:\/\/tescartesduciel.com\/#website\"},\"primaryImageOfPage\":{\"@id\":\"https:\/\/tescartesduciel.com\/?product=guidance#primaryimage\"},\"image\":{\"@id\":\"https:\/\/tescartesduciel.com\/?product=guidance#primaryimage\"},\"thumbnailUrl\":\"https:\/\/tescartesduciel.com\/wp-content\/uploads\/2024\/06\/fortune-telling-2458920_1280-2.jpg\",\"datePublished\":\"2024-06-04T14:58:05+00:00\",\"dateModified\":\"2024-06-29T16:22:13+00:00\",\"description\":\"Guidance par le tarots, RDV en visio sur selon tes disponibilit\u00e9es! Amour, r\u00e9orientation pro, th\u00e9matique materielle, projets divers...Bienvenue \u00e0 toi!\",\"breadcrumb\":{\"@id\":\"https:\/\/tescartesduciel.com\/?product=guidance#breadcrumb\"},\"inLanguage\":\"fr-FR\",\"potentialAction\":[{\"@type\":\"ReadAction\",\"target\":[\"https:\/\/tescartesduciel.com\/?product=guidance\"]}]},{\"@type\":\"ImageObject\",\"inLanguage\":\"fr-FR\",\"@id\":\"https:\/\/tescartesduciel.com\/?product=guidance#primaryimage\",\"url\":\"https:\/\/tescartesduciel.com\/wp-content\/uploads\/2024\/06\/fortune-telling-2458920_1280-2.jpg\",\"contentUrl\":\"https:\/\/tescartesduciel.com\/wp-content\/uploads\/2024\/06\/fortune-telling-2458920_1280-2.jpg\",\"width\":1280,\"height\":853},{\"@type\":\"BreadcrumbList\",\"@id\":\"https:\/\/tescartesduciel.com\/?product=guidance#breadcrumb\",\"itemListElement\":[{\"@type\":\"ListItem\",\"position\":1,\"name\":\"Accueil\",\"item\":\"https:\/\/tescartesduciel.com\/\"},{\"@type\":\"ListItem\",\"position\":2,\"name\":\"Produits\",\"item\":\"https:\/\/tescartesduciel.com\/?post_type=product\"},{\"@type\":\"ListItem\",\"position\":3,\"name\":\"TAROTS Guidance 1H\"}]},{\"@type\":\"WebSite\",\"@id\":\"https:\/\/tescartesduciel.com\/#website\",\"url\":\"https:\/\/tescartesduciel.com\/\",\"name\":\"Tes cartes du ciel\",\"description\":\"explores tes possibles\",\"potentialAction\":[{\"@type\":\"SearchAction\",\"target\":{\"@type\":\"EntryPoint\",\"urlTemplate\":\"https:\/\/tescartesduciel.com\/?s={search_term_string}\"},\"query-input\":\"required name=search_term_string\"}],\"inLanguage\":\"fr-FR\"}]}<\/script>\n<!-- \/ Yoast SEO plugin. -->","yoast_head_json":{"title":"TAROTS Guidance 1H - Tes cartes du ciel","description":"Guidance par le tarots, RDV en visio sur selon tes disponibilit\u00e9es! Amour, r\u00e9orientation pro, th\u00e9matique materielle, projets divers...Bienvenue \u00e0 toi!","robots":{"index":"index","follow":"follow","max-snippet":"max-snippet:-1","max-image-preview":"max-image-preview:large","max-video-preview":"max-video-preview:-1"},"canonical":"https:\/\/tescartesduciel.com\/?product=guidance","og_locale":"fr_FR","og_type":"article","og_title":"TAROTS Guidance 1H - Tes cartes du ciel","og_description":"Guidance par le tarots, RDV en visio sur selon tes disponibilit\u00e9es! Amour, r\u00e9orientation pro, th\u00e9matique materielle, projets divers...Bienvenue \u00e0 toi!","og_url":"https:\/\/tescartesduciel.com\/?product=guidance","og_site_name":"Tes cartes du ciel","article_modified_time":"2024-06-29T16:22:13+00:00","og_image":[{"width":1280,"height":853,"url":"http:\/\/tescartesduciel.com\/wp-content\/uploads\/2024\/06\/fortune-telling-2458920_1280-2.jpg","type":"image\/jpeg"}],"twitter_card":"summary_large_image","twitter_misc":{"Dur\u00e9e de lecture estim\u00e9e":"1 minute"},"schema":{"@context":"https:\/\/schema.org","@graph":[{"@type":"WebPage","@id":"https:\/\/tescartesduciel.com\/?product=guidance","url":"https:\/\/tescartesduciel.com\/?product=guidance","name":"TAROTS Guidance 1H - Tes cartes du ciel","isPartOf":{"@id":"https:\/\/tescartesduciel.com\/#website"},"primaryImageOfPage":{"@id":"https:\/\/tescartesduciel.com\/?product=guidance#primaryimage"},"image":{"@id":"https:\/\/tescartesduciel.com\/?product=guidance#primaryimage"},"thumbnailUrl":"https:\/\/tescartesduciel.com\/wp-content\/uploads\/2024\/06\/fortune-telling-2458920_1280-2.jpg","datePublished":"2024-06-04T14:58:05+00:00","dateModified":"2024-06-29T16:22:13+00:00","description":"Guidance par le tarots, RDV en visio sur selon tes disponibilit\u00e9es! Amour, r\u00e9orientation pro, th\u00e9matique materielle, projets divers...Bienvenue \u00e0 toi!","breadcrumb":{"@id":"https:\/\/tescartesduciel.com\/?product=guidance#breadcrumb"},"inLanguage":"fr-FR","potentialAction":[{"@type":"ReadAction","target":["https:\/\/tescartesduciel.com\/?product=guidance"]}]},{"@type":"ImageObject","inLanguage":"fr-FR","@id":"https:\/\/tescartesduciel.com\/?product=guidance#primaryimage","url":"https:\/\/tescartesduciel.com\/wp-content\/uploads\/2024\/06\/fortune-telling-2458920_1280-2.jpg","contentUrl":"https:\/\/tescartesduciel.com\/wp-content\/uploads\/2024\/06\/fortune-telling-2458920_1280-2.jpg","width":1280,"height":853},{"@type":"BreadcrumbList","@id":"https:\/\/tescartesduciel.com\/?product=guidance#breadcrumb","itemListElement":[{"@type":"ListItem","position":1,"name":"Accueil","item":"https:\/\/tescartesduciel.com\/"},{"@type":"ListItem","position":2,"name":"Produits","item":"https:\/\/tescartesduciel.com\/?post_type=product"},{"@type":"ListItem","position":3,"name":"TAROTS Guidance 1H"}]},{"@type":"WebSite","@id":"https:\/\/tescartesduciel.com\/#website","url":"https:\/\/tescartesduciel.com\/","name":"Tes cartes du ciel","description":"explores tes possibles","potentialAction":[{"@type":"SearchAction","target":{"@type":"EntryPoint","urlTemplate":"https:\/\/tescartesduciel.com\/?s={search_term_string}"},"query-input":"required name=search_term_string"}],"inLanguage":"fr-FR"}]}},"_links":{"self":[{"href":"https:\/\/tescartesduciel.com\/index.php?rest_route=\/wp\/v2\/product\/1105"}],"collection":[{"href":"https:\/\/tescartesduciel.com\/index.php?rest_route=\/wp\/v2\/product"}],"about":[{"href":"https:\/\/tescartesduciel.com\/index.php?rest_route=\/wp\/v2\/types\/product"}],"version-history":[{"count":10,"href":"https:\/\/tescartesduciel.com\/index.php?rest_route=\/wp\/v2\/product\/1105\/revisions"}],"predecessor-version":[{"id":1313,"href":"https:\/\/tescartesduciel.com\/index.php?rest_route=\/wp\/v2\/product\/1105\/revisions\/1313"}],"wp:featuredmedia":[{"embeddable":true,"href":"https:\/\/tescartesduciel.com\/index.php?rest_route=\/wp\/v2\/media\/1106"}],"wp:attachment":[{"href":"https:\/\/tescartesduciel.com\/index.php?rest_route=%2Fwp%2Fv2%2Fmedia&parent=1105"}],"wp:term":[{"taxonomy":"product_cat","embeddable":true,"href":"https:\/\/tescartesduciel.com\/index.php?rest_route=%2Fwp%2Fv2%2Fproduct_cat&post=1105"},{"taxonomy":"product_tag","embeddable":true,"href":"https:\/\/tescartesduciel.com\/index.php?rest_route=%2Fwp%2Fv2%2Fproduct_tag&post=1105"}],"curies":[{"name":"wp","href":"https:\/\/api.w.org\/{rel}","templated":true}]}}