{"id":1272,"date":"2024-06-17T16:57:59","date_gmt":"2024-06-17T14:57:59","guid":{"rendered":"https:\/\/tescartesduciel.com\/?post_type=product&#038;p=1272"},"modified":"2024-06-27T17:14:15","modified_gmt":"2024-06-27T15:14:15","slug":"conseil-orientation-professionelle","status":"publish","type":"product","link":"https:\/\/tescartesduciel.com\/?product=conseil-orientation-professionelle","title":{"rendered":"Astro conseil pro"},"content":{"rendered":"<p><strong>Astro conseil pro: ASTROLOGIE PROFESSIONNEL<\/strong><\/p>\n<p>Cette astrologie professionnel t&rsquo;aides \u00e0 faire un point sur tes comp\u00e9tances au travail.<\/p>\n<p>Prends du recul sur tes capacit\u00e9s et exploites les! Je te conseils selon ton profil astrologique sur mesure.<\/p>\n<p>D\u00e9couvres tes points forts de naissance et mets en avant tes outils.<\/p>\n<p>Choisis ta vrai place dans ton travail!Exploites tes points forts!<\/p>\n<p>D&rsquo;apres ton th\u00e8me astrologique et le positionnement de tes planetes de naissance, je te conseils tes meilleurs options pro! Prends tes cartes en main!<\/p>\n<p>Utilises tes meilleurs comp\u00e9tances pour r\u00e9ussir\u00a0 dans ton domaine professionnel.<\/p>\n<p>Avec Tes cartes du ciel: Explores tes possibles!<\/p>\n<p>Je r\u00e9alise ton analyse de th\u00e8me astrologique professionnel en direct avec toi sur RDV ZOOM sc\u00e9ance d&rsquo;1 Heure environ. (enregistrement de la s\u00e9ance possible)<\/p>\n<p>A tr\u00e8s vite!<\/p>\n<p>&nbsp;<\/p>\n","protected":false},"excerpt":{"rendered":"<p>Je te proposes l&rsquo;\u00e9tudes de ton ciel astrologique professionnel<\/p>\n","protected":false},"featured_media":1273,"template":"","meta":{"ocean_post_layout":"","ocean_both_sidebars_style":"","ocean_both_sidebars_content_width":0,"ocean_both_sidebars_sidebars_width":0,"ocean_sidebar":"0","ocean_second_sidebar":"0","ocean_disable_margins":"enable","ocean_add_body_class":"","ocean_shortcode_before_top_bar":"","ocean_shortcode_after_top_bar":"","ocean_shortcode_before_header":"","ocean_shortcode_after_header":"","ocean_has_shortcode":"","ocean_shortcode_after_title":"","ocean_shortcode_before_footer_widgets":"","ocean_shortcode_after_footer_widgets":"","ocean_shortcode_before_footer_bottom":"","ocean_shortcode_after_footer_bottom":"","ocean_display_top_bar":"default","ocean_display_header":"default","ocean_header_style":"","ocean_center_header_left_menu":"0","ocean_custom_header_template":"0","ocean_custom_logo":0,"ocean_custom_retina_logo":0,"ocean_custom_logo_max_width":0,"ocean_custom_logo_tablet_max_width":0,"ocean_custom_logo_mobile_max_width":0,"ocean_custom_logo_max_height":0,"ocean_custom_logo_tablet_max_height":0,"ocean_custom_logo_mobile_max_height":0,"ocean_header_custom_menu":"0","ocean_menu_typo_font_family":"0","ocean_menu_typo_font_subset":"","ocean_menu_typo_font_size":0,"ocean_menu_typo_font_size_tablet":0,"ocean_menu_typo_font_size_mobile":0,"ocean_menu_typo_font_size_unit":"px","ocean_menu_typo_font_weight":"","ocean_menu_typo_font_weight_tablet":"","ocean_menu_typo_font_weight_mobile":"","ocean_menu_typo_transform":"","ocean_menu_typo_transform_tablet":"","ocean_menu_typo_transform_mobile":"","ocean_menu_typo_line_height":0,"ocean_menu_typo_line_height_tablet":0,"ocean_menu_typo_line_height_mobile":0,"ocean_menu_typo_line_height_unit":"","ocean_menu_typo_spacing":0,"ocean_menu_typo_spacing_tablet":0,"ocean_menu_typo_spacing_mobile":0,"ocean_menu_typo_spacing_unit":"","ocean_menu_link_color":"","ocean_menu_link_color_hover":"","ocean_menu_link_color_active":"","ocean_menu_link_background":"","ocean_menu_link_hover_background":"","ocean_menu_link_active_background":"","ocean_menu_social_links_bg":"","ocean_menu_social_hover_links_bg":"","ocean_menu_social_links_color":"","ocean_menu_social_hover_links_color":"","ocean_disable_title":"default","ocean_disable_heading":"default","ocean_post_title":"","ocean_post_subheading":"","ocean_post_title_style":"","ocean_post_title_background_color":"","ocean_post_title_background":0,"ocean_post_title_bg_image_position":"","ocean_post_title_bg_image_attachment":"","ocean_post_title_bg_image_repeat":"","ocean_post_title_bg_image_size":"","ocean_post_title_height":0,"ocean_post_title_bg_overlay":0.5,"ocean_post_title_bg_overlay_color":"","ocean_disable_breadcrumbs":"default","ocean_breadcrumbs_color":"","ocean_breadcrumbs_separator_color":"","ocean_breadcrumbs_links_color":"","ocean_breadcrumbs_links_hover_color":"","ocean_display_footer_widgets":"default","ocean_display_footer_bottom":"default","ocean_custom_footer_template":"0"},"product_cat":[43],"product_tag":[],"yoast_head":"<!-- This site is optimized with the Yoast SEO plugin v22.8 - https:\/\/yoast.com\/wordpress\/plugins\/seo\/ -->\n<title>Astro conseil pro - Tes cartes du ciel<\/title>\n<meta name=\"description\" content=\"Conseils et orientations professionnelles personalis\u00e9es: quels sont tes points forts et quels sont les m\u00e9tiers fait pour toi? Cliques ici!\" \/>\n<meta name=\"robots\" content=\"index, follow, max-snippet:-1, max-image-preview:large, max-video-preview:-1\" \/>\n<link rel=\"canonical\" href=\"https:\/\/tescartesduciel.com\/?product=conseil-orientation-professionelle\" \/>\n<meta property=\"og:locale\" content=\"fr_FR\" \/>\n<meta property=\"og:type\" content=\"article\" \/>\n<meta property=\"og:title\" content=\"Astro conseil pro - Tes cartes du ciel\" \/>\n<meta property=\"og:description\" content=\"Conseils et orientations professionnelles personalis\u00e9es: quels sont tes points forts et quels sont les m\u00e9tiers fait pour toi? Cliques ici!\" \/>\n<meta property=\"og:url\" content=\"https:\/\/tescartesduciel.com\/?product=conseil-orientation-professionelle\" \/>\n<meta property=\"og:site_name\" content=\"Tes cartes du ciel\" \/>\n<meta property=\"article:modified_time\" content=\"2024-06-27T15:14:15+00:00\" \/>\n<meta property=\"og:image\" content=\"http:\/\/tescartesduciel.com\/wp-content\/uploads\/2024\/06\/ai-generated-8670047_1920-2.jpg\" \/>\n\t<meta property=\"og:image:width\" content=\"1920\" \/>\n\t<meta property=\"og:image:height\" content=\"960\" \/>\n\t<meta property=\"og:image:type\" content=\"image\/jpeg\" \/>\n<meta name=\"twitter:card\" content=\"summary_large_image\" \/>\n<meta name=\"twitter:label1\" content=\"Dur\u00e9e de lecture estim\u00e9e\" \/>\n\t<meta name=\"twitter:data1\" content=\"1 minute\" \/>\n<script type=\"application\/ld+json\" class=\"yoast-schema-graph\">{\"@context\":\"https:\/\/schema.org\",\"@graph\":[{\"@type\":\"WebPage\",\"@id\":\"https:\/\/tescartesduciel.com\/?product=conseil-orientation-professionelle\",\"url\":\"https:\/\/tescartesduciel.com\/?product=conseil-orientation-professionelle\",\"name\":\"Astro conseil pro - Tes cartes du ciel\",\"isPartOf\":{\"@id\":\"https:\/\/tescartesduciel.com\/#website\"},\"primaryImageOfPage\":{\"@id\":\"https:\/\/tescartesduciel.com\/?product=conseil-orientation-professionelle#primaryimage\"},\"image\":{\"@id\":\"https:\/\/tescartesduciel.com\/?product=conseil-orientation-professionelle#primaryimage\"},\"thumbnailUrl\":\"https:\/\/tescartesduciel.com\/wp-content\/uploads\/2024\/06\/ai-generated-8670047_1920-2.jpg\",\"datePublished\":\"2024-06-17T14:57:59+00:00\",\"dateModified\":\"2024-06-27T15:14:15+00:00\",\"description\":\"Conseils et orientations professionnelles personalis\u00e9es: quels sont tes points forts et quels sont les m\u00e9tiers fait pour toi? Cliques ici!\",\"breadcrumb\":{\"@id\":\"https:\/\/tescartesduciel.com\/?product=conseil-orientation-professionelle#breadcrumb\"},\"inLanguage\":\"fr-FR\",\"potentialAction\":[{\"@type\":\"ReadAction\",\"target\":[\"https:\/\/tescartesduciel.com\/?product=conseil-orientation-professionelle\"]}]},{\"@type\":\"ImageObject\",\"inLanguage\":\"fr-FR\",\"@id\":\"https:\/\/tescartesduciel.com\/?product=conseil-orientation-professionelle#primaryimage\",\"url\":\"https:\/\/tescartesduciel.com\/wp-content\/uploads\/2024\/06\/ai-generated-8670047_1920-2.jpg\",\"contentUrl\":\"https:\/\/tescartesduciel.com\/wp-content\/uploads\/2024\/06\/ai-generated-8670047_1920-2.jpg\",\"width\":1920,\"height\":960},{\"@type\":\"BreadcrumbList\",\"@id\":\"https:\/\/tescartesduciel.com\/?product=conseil-orientation-professionelle#breadcrumb\",\"itemListElement\":[{\"@type\":\"ListItem\",\"position\":1,\"name\":\"Accueil\",\"item\":\"https:\/\/tescartesduciel.com\/\"},{\"@type\":\"ListItem\",\"position\":2,\"name\":\"Produits\",\"item\":\"https:\/\/tescartesduciel.com\/?post_type=product\"},{\"@type\":\"ListItem\",\"position\":3,\"name\":\"Astro conseil pro\"}]},{\"@type\":\"WebSite\",\"@id\":\"https:\/\/tescartesduciel.com\/#website\",\"url\":\"https:\/\/tescartesduciel.com\/\",\"name\":\"Tes cartes du ciel\",\"description\":\"explores tes possibles\",\"potentialAction\":[{\"@type\":\"SearchAction\",\"target\":{\"@type\":\"EntryPoint\",\"urlTemplate\":\"https:\/\/tescartesduciel.com\/?s={search_term_string}\"},\"query-input\":\"required name=search_term_string\"}],\"inLanguage\":\"fr-FR\"}]}<\/script>\n<!-- \/ Yoast SEO plugin. -->","yoast_head_json":{"title":"Astro conseil pro - Tes cartes du ciel","description":"Conseils et orientations professionnelles personalis\u00e9es: quels sont tes points forts et quels sont les m\u00e9tiers fait pour toi? Cliques ici!","robots":{"index":"index","follow":"follow","max-snippet":"max-snippet:-1","max-image-preview":"max-image-preview:large","max-video-preview":"max-video-preview:-1"},"canonical":"https:\/\/tescartesduciel.com\/?product=conseil-orientation-professionelle","og_locale":"fr_FR","og_type":"article","og_title":"Astro conseil pro - Tes cartes du ciel","og_description":"Conseils et orientations professionnelles personalis\u00e9es: quels sont tes points forts et quels sont les m\u00e9tiers fait pour toi? Cliques ici!","og_url":"https:\/\/tescartesduciel.com\/?product=conseil-orientation-professionelle","og_site_name":"Tes cartes du ciel","article_modified_time":"2024-06-27T15:14:15+00:00","og_image":[{"width":1920,"height":960,"url":"http:\/\/tescartesduciel.com\/wp-content\/uploads\/2024\/06\/ai-generated-8670047_1920-2.jpg","type":"image\/jpeg"}],"twitter_card":"summary_large_image","twitter_misc":{"Dur\u00e9e de lecture estim\u00e9e":"1 minute"},"schema":{"@context":"https:\/\/schema.org","@graph":[{"@type":"WebPage","@id":"https:\/\/tescartesduciel.com\/?product=conseil-orientation-professionelle","url":"https:\/\/tescartesduciel.com\/?product=conseil-orientation-professionelle","name":"Astro conseil pro - Tes cartes du ciel","isPartOf":{"@id":"https:\/\/tescartesduciel.com\/#website"},"primaryImageOfPage":{"@id":"https:\/\/tescartesduciel.com\/?product=conseil-orientation-professionelle#primaryimage"},"image":{"@id":"https:\/\/tescartesduciel.com\/?product=conseil-orientation-professionelle#primaryimage"},"thumbnailUrl":"https:\/\/tescartesduciel.com\/wp-content\/uploads\/2024\/06\/ai-generated-8670047_1920-2.jpg","datePublished":"2024-06-17T14:57:59+00:00","dateModified":"2024-06-27T15:14:15+00:00","description":"Conseils et orientations professionnelles personalis\u00e9es: quels sont tes points forts et quels sont les m\u00e9tiers fait pour toi? Cliques ici!","breadcrumb":{"@id":"https:\/\/tescartesduciel.com\/?product=conseil-orientation-professionelle#breadcrumb"},"inLanguage":"fr-FR","potentialAction":[{"@type":"ReadAction","target":["https:\/\/tescartesduciel.com\/?product=conseil-orientation-professionelle"]}]},{"@type":"ImageObject","inLanguage":"fr-FR","@id":"https:\/\/tescartesduciel.com\/?product=conseil-orientation-professionelle#primaryimage","url":"https:\/\/tescartesduciel.com\/wp-content\/uploads\/2024\/06\/ai-generated-8670047_1920-2.jpg","contentUrl":"https:\/\/tescartesduciel.com\/wp-content\/uploads\/2024\/06\/ai-generated-8670047_1920-2.jpg","width":1920,"height":960},{"@type":"BreadcrumbList","@id":"https:\/\/tescartesduciel.com\/?product=conseil-orientation-professionelle#breadcrumb","itemListElement":[{"@type":"ListItem","position":1,"name":"Accueil","item":"https:\/\/tescartesduciel.com\/"},{"@type":"ListItem","position":2,"name":"Produits","item":"https:\/\/tescartesduciel.com\/?post_type=product"},{"@type":"ListItem","position":3,"name":"Astro conseil pro"}]},{"@type":"WebSite","@id":"https:\/\/tescartesduciel.com\/#website","url":"https:\/\/tescartesduciel.com\/","name":"Tes cartes du ciel","description":"explores tes possibles","potentialAction":[{"@type":"SearchAction","target":{"@type":"EntryPoint","urlTemplate":"https:\/\/tescartesduciel.com\/?s={search_term_string}"},"query-input":"required name=search_term_string"}],"inLanguage":"fr-FR"}]}},"_links":{"self":[{"href":"https:\/\/tescartesduciel.com\/index.php?rest_route=\/wp\/v2\/product\/1272"}],"collection":[{"href":"https:\/\/tescartesduciel.com\/index.php?rest_route=\/wp\/v2\/product"}],"about":[{"href":"https:\/\/tescartesduciel.com\/index.php?rest_route=\/wp\/v2\/types\/product"}],"version-history":[{"count":3,"href":"https:\/\/tescartesduciel.com\/index.php?rest_route=\/wp\/v2\/product\/1272\/revisions"}],"predecessor-version":[{"id":1297,"href":"https:\/\/tescartesduciel.com\/index.php?rest_route=\/wp\/v2\/product\/1272\/revisions\/1297"}],"wp:featuredmedia":[{"embeddable":true,"href":"https:\/\/tescartesduciel.com\/index.php?rest_route=\/wp\/v2\/media\/1273"}],"wp:attachment":[{"href":"https:\/\/tescartesduciel.com\/index.php?rest_route=%2Fwp%2Fv2%2Fmedia&parent=1272"}],"wp:term":[{"taxonomy":"product_cat","embeddable":true,"href":"https:\/\/tescartesduciel.com\/index.php?rest_route=%2Fwp%2Fv2%2Fproduct_cat&post=1272"},{"taxonomy":"product_tag","embeddable":true,"href":"https:\/\/tescartesduciel.com\/index.php?rest_route=%2Fwp%2Fv2%2Fproduct_tag&post=1272"}],"curies":[{"name":"wp","href":"https:\/\/api.w.org\/{rel}","templated":true}]}}