{"id":1278,"date":"2024-06-18T18:47:03","date_gmt":"2024-06-18T16:47:03","guid":{"rendered":"https:\/\/tescartesduciel.com\/?post_type=product&#038;p=1278"},"modified":"2024-06-29T18:26:39","modified_gmt":"2024-06-29T16:26:39","slug":"theme-astrologique","status":"publish","type":"product","link":"https:\/\/tescartesduciel.com\/?product=theme-astrologique","title":{"rendered":"ASTRO THEME NATAL"},"content":{"rendered":"<p>Ton th\u00e8me astrologique: c&rsquo;est la photo de ton ciel naissance!<\/p>\n<p><strong>Dans ta carte du ciel il y a beaucoup d&rsquo;informations :<\/strong><strong>D\u00e9couvre les influences des plan\u00e8tes de ton th\u00e8me astrologique sur mesure!<\/strong><\/p>\n<p>Tes envies,\u00a0 tes qualit\u00e9s, tes facilit\u00e9es, tes aptitudes, ton rapport aux autres &#8230; ton \u00e9volution personnelle et professionnelle! J&rsquo;\u00e9tudie ton th\u00e8me astrologique de naissance en te donnant un maximum de clefs!<\/p>\n<p>Dans cette \u00e9tude il n\u2019y a pas de pr\u00e9diction. Je lis ton th\u00e8me astrologique un peu comme un jeu de piste interactif! Ces cartes du ciel indique tes \u00ab\u00a0tendances\u00a0\u00bb et tes \u00ab\u00a0challenges\u00a0\u00bbde vie.<\/p>\n<p>D\u00e9couvres ton ciel de naissance,\u00a0 et joues tes meilleurs cartes pour tes projets!<\/p>\n<p>Mon travail\u00a0 d&rsquo;astrologue est de t&rsquo;accompagner pour te faire d\u00e9couvrir tes meilleurs \u00ab\u00a0options de routes\u00a0\u00bb !<\/p>\n<p>Mon travail n&rsquo;est pas de l&rsquo;astrologie previsionnel. C&rsquo;est toi qui d\u00e9cides toujours de tes itin\u00e9raires!<\/p>\n<p>Avec Tes cartes du ciel: Explores tes possibles!<\/p>\n<p>Je r\u00e9alise ton analyse de th\u00e8me natal en direct avec toi sur RDV ZOOM sc\u00e9ance d&rsquo;1 Heure environ. (enregistrement de la s\u00e9ance possible)<\/p>\n<p>Je te propose aussi une option sans visio zoom ( si tu as des problemes de conexion internet):<\/p>\n<p>je t&rsquo;envoie ton audio enregistr\u00e9 d\u2019 1 Heure environ. (si tu ne peux\/ou ne souhaites pas te connecter \u00e0 internet, me le pr\u00e9ciser par message).Ce choix ne te permets pas de voir le partage d\u2019\u00e9cran de ton \u00e9tude astrologique durant l&rsquo;\u00e9tude.<\/p>\n<p>A tr\u00e8s vite!<\/p>\n","protected":false},"excerpt":{"rendered":"<p>Ton th\u00e8me natal: tes qualit\u00e9s, tes potentiels, ta carte d&rsquo;identit\u00e9e de ton ciel de naissance!<\/p>\n","protected":false},"featured_media":1243,"template":"","meta":{"ocean_post_layout":"full-width","ocean_both_sidebars_style":"","ocean_both_sidebars_content_width":0,"ocean_both_sidebars_sidebars_width":0,"ocean_sidebar":"0","ocean_second_sidebar":"0","ocean_disable_margins":"enable","ocean_add_body_class":"","ocean_shortcode_before_top_bar":"","ocean_shortcode_after_top_bar":"","ocean_shortcode_before_header":"","ocean_shortcode_after_header":"","ocean_has_shortcode":"","ocean_shortcode_after_title":"","ocean_shortcode_before_footer_widgets":"","ocean_shortcode_after_footer_widgets":"","ocean_shortcode_before_footer_bottom":"","ocean_shortcode_after_footer_bottom":"","ocean_display_top_bar":"default","ocean_display_header":"default","ocean_header_style":"","ocean_center_header_left_menu":"0","ocean_custom_header_template":"0","ocean_custom_logo":0,"ocean_custom_retina_logo":0,"ocean_custom_logo_max_width":0,"ocean_custom_logo_tablet_max_width":0,"ocean_custom_logo_mobile_max_width":0,"ocean_custom_logo_max_height":0,"ocean_custom_logo_tablet_max_height":0,"ocean_custom_logo_mobile_max_height":0,"ocean_header_custom_menu":"0","ocean_menu_typo_font_family":"0","ocean_menu_typo_font_subset":"","ocean_menu_typo_font_size":0,"ocean_menu_typo_font_size_tablet":0,"ocean_menu_typo_font_size_mobile":0,"ocean_menu_typo_font_size_unit":"px","ocean_menu_typo_font_weight":"","ocean_menu_typo_font_weight_tablet":"","ocean_menu_typo_font_weight_mobile":"","ocean_menu_typo_transform":"","ocean_menu_typo_transform_tablet":"","ocean_menu_typo_transform_mobile":"","ocean_menu_typo_line_height":0,"ocean_menu_typo_line_height_tablet":0,"ocean_menu_typo_line_height_mobile":0,"ocean_menu_typo_line_height_unit":"","ocean_menu_typo_spacing":0,"ocean_menu_typo_spacing_tablet":0,"ocean_menu_typo_spacing_mobile":0,"ocean_menu_typo_spacing_unit":"","ocean_menu_link_color":"","ocean_menu_link_color_hover":"","ocean_menu_link_color_active":"","ocean_menu_link_background":"","ocean_menu_link_hover_background":"","ocean_menu_link_active_background":"","ocean_menu_social_links_bg":"","ocean_menu_social_hover_links_bg":"","ocean_menu_social_links_color":"","ocean_menu_social_hover_links_color":"","ocean_disable_title":"default","ocean_disable_heading":"default","ocean_post_title":"","ocean_post_subheading":"","ocean_post_title_style":"","ocean_post_title_background_color":"","ocean_post_title_background":0,"ocean_post_title_bg_image_position":"","ocean_post_title_bg_image_attachment":"","ocean_post_title_bg_image_repeat":"","ocean_post_title_bg_image_size":"","ocean_post_title_height":0,"ocean_post_title_bg_overlay":0.5,"ocean_post_title_bg_overlay_color":"","ocean_disable_breadcrumbs":"default","ocean_breadcrumbs_color":"","ocean_breadcrumbs_separator_color":"","ocean_breadcrumbs_links_color":"","ocean_breadcrumbs_links_hover_color":"","ocean_display_footer_widgets":"default","ocean_display_footer_bottom":"default","ocean_custom_footer_template":"0"},"product_cat":[43],"product_tag":[],"yoast_head":"<!-- This site is optimized with the Yoast SEO plugin v22.8 - https:\/\/yoast.com\/wordpress\/plugins\/seo\/ -->\n<title>ASTRO THEME NATAL - Tes cartes du ciel<\/title>\n<meta name=\"description\" content=\"Ton th\u00e8me astrologique: ta carte d&#039;identit\u00e9e de ton ciel de naissance! D\u00e9couvres tes points forts en direct: profil psychologique, potentiels...\" \/>\n<meta name=\"robots\" content=\"index, follow, max-snippet:-1, max-image-preview:large, max-video-preview:-1\" \/>\n<link rel=\"canonical\" href=\"https:\/\/tescartesduciel.com\/?product=theme-astrologique\" \/>\n<meta property=\"og:locale\" content=\"fr_FR\" \/>\n<meta property=\"og:type\" content=\"article\" \/>\n<meta property=\"og:title\" content=\"ASTRO THEME NATAL - Tes cartes du ciel\" \/>\n<meta property=\"og:description\" content=\"Ton th\u00e8me astrologique: ta carte d&#039;identit\u00e9e de ton ciel de naissance! D\u00e9couvres tes points forts en direct: profil psychologique, potentiels...\" \/>\n<meta property=\"og:url\" content=\"https:\/\/tescartesduciel.com\/?product=theme-astrologique\" \/>\n<meta property=\"og:site_name\" content=\"Tes cartes du ciel\" \/>\n<meta property=\"article:modified_time\" content=\"2024-06-29T16:26:39+00:00\" \/>\n<meta property=\"og:image\" content=\"http:\/\/tescartesduciel.com\/wp-content\/uploads\/2024\/06\/lotus-8545270_1920-2.jpg\" \/>\n\t<meta property=\"og:image:width\" content=\"1920\" \/>\n\t<meta property=\"og:image:height\" content=\"1076\" \/>\n\t<meta property=\"og:image:type\" content=\"image\/jpeg\" \/>\n<meta name=\"twitter:card\" content=\"summary_large_image\" \/>\n<meta name=\"twitter:label1\" content=\"Dur\u00e9e de lecture estim\u00e9e\" \/>\n\t<meta name=\"twitter:data1\" content=\"2 minutes\" \/>\n<script type=\"application\/ld+json\" class=\"yoast-schema-graph\">{\"@context\":\"https:\/\/schema.org\",\"@graph\":[{\"@type\":\"WebPage\",\"@id\":\"https:\/\/tescartesduciel.com\/?product=theme-astrologique\",\"url\":\"https:\/\/tescartesduciel.com\/?product=theme-astrologique\",\"name\":\"ASTRO THEME NATAL - Tes cartes du ciel\",\"isPartOf\":{\"@id\":\"https:\/\/tescartesduciel.com\/#website\"},\"primaryImageOfPage\":{\"@id\":\"https:\/\/tescartesduciel.com\/?product=theme-astrologique#primaryimage\"},\"image\":{\"@id\":\"https:\/\/tescartesduciel.com\/?product=theme-astrologique#primaryimage\"},\"thumbnailUrl\":\"https:\/\/tescartesduciel.com\/wp-content\/uploads\/2024\/06\/lotus-8545270_1920-2.jpg\",\"datePublished\":\"2024-06-18T16:47:03+00:00\",\"dateModified\":\"2024-06-29T16:26:39+00:00\",\"description\":\"Ton th\u00e8me astrologique: ta carte d'identit\u00e9e de ton ciel de naissance! D\u00e9couvres tes points forts en direct: profil psychologique, potentiels...\",\"breadcrumb\":{\"@id\":\"https:\/\/tescartesduciel.com\/?product=theme-astrologique#breadcrumb\"},\"inLanguage\":\"fr-FR\",\"potentialAction\":[{\"@type\":\"ReadAction\",\"target\":[\"https:\/\/tescartesduciel.com\/?product=theme-astrologique\"]}]},{\"@type\":\"ImageObject\",\"inLanguage\":\"fr-FR\",\"@id\":\"https:\/\/tescartesduciel.com\/?product=theme-astrologique#primaryimage\",\"url\":\"https:\/\/tescartesduciel.com\/wp-content\/uploads\/2024\/06\/lotus-8545270_1920-2.jpg\",\"contentUrl\":\"https:\/\/tescartesduciel.com\/wp-content\/uploads\/2024\/06\/lotus-8545270_1920-2.jpg\",\"width\":1920,\"height\":1076},{\"@type\":\"BreadcrumbList\",\"@id\":\"https:\/\/tescartesduciel.com\/?product=theme-astrologique#breadcrumb\",\"itemListElement\":[{\"@type\":\"ListItem\",\"position\":1,\"name\":\"Accueil\",\"item\":\"https:\/\/tescartesduciel.com\/\"},{\"@type\":\"ListItem\",\"position\":2,\"name\":\"Produits\",\"item\":\"https:\/\/tescartesduciel.com\/?post_type=product\"},{\"@type\":\"ListItem\",\"position\":3,\"name\":\"ASTRO THEME NATAL\"}]},{\"@type\":\"WebSite\",\"@id\":\"https:\/\/tescartesduciel.com\/#website\",\"url\":\"https:\/\/tescartesduciel.com\/\",\"name\":\"Tes cartes du ciel\",\"description\":\"explores tes possibles\",\"potentialAction\":[{\"@type\":\"SearchAction\",\"target\":{\"@type\":\"EntryPoint\",\"urlTemplate\":\"https:\/\/tescartesduciel.com\/?s={search_term_string}\"},\"query-input\":\"required name=search_term_string\"}],\"inLanguage\":\"fr-FR\"}]}<\/script>\n<!-- \/ Yoast SEO plugin. -->","yoast_head_json":{"title":"ASTRO THEME NATAL - Tes cartes du ciel","description":"Ton th\u00e8me astrologique: ta carte d'identit\u00e9e de ton ciel de naissance! D\u00e9couvres tes points forts en direct: profil psychologique, potentiels...","robots":{"index":"index","follow":"follow","max-snippet":"max-snippet:-1","max-image-preview":"max-image-preview:large","max-video-preview":"max-video-preview:-1"},"canonical":"https:\/\/tescartesduciel.com\/?product=theme-astrologique","og_locale":"fr_FR","og_type":"article","og_title":"ASTRO THEME NATAL - Tes cartes du ciel","og_description":"Ton th\u00e8me astrologique: ta carte d'identit\u00e9e de ton ciel de naissance! D\u00e9couvres tes points forts en direct: profil psychologique, potentiels...","og_url":"https:\/\/tescartesduciel.com\/?product=theme-astrologique","og_site_name":"Tes cartes du ciel","article_modified_time":"2024-06-29T16:26:39+00:00","og_image":[{"width":1920,"height":1076,"url":"http:\/\/tescartesduciel.com\/wp-content\/uploads\/2024\/06\/lotus-8545270_1920-2.jpg","type":"image\/jpeg"}],"twitter_card":"summary_large_image","twitter_misc":{"Dur\u00e9e de lecture estim\u00e9e":"2 minutes"},"schema":{"@context":"https:\/\/schema.org","@graph":[{"@type":"WebPage","@id":"https:\/\/tescartesduciel.com\/?product=theme-astrologique","url":"https:\/\/tescartesduciel.com\/?product=theme-astrologique","name":"ASTRO THEME NATAL - Tes cartes du ciel","isPartOf":{"@id":"https:\/\/tescartesduciel.com\/#website"},"primaryImageOfPage":{"@id":"https:\/\/tescartesduciel.com\/?product=theme-astrologique#primaryimage"},"image":{"@id":"https:\/\/tescartesduciel.com\/?product=theme-astrologique#primaryimage"},"thumbnailUrl":"https:\/\/tescartesduciel.com\/wp-content\/uploads\/2024\/06\/lotus-8545270_1920-2.jpg","datePublished":"2024-06-18T16:47:03+00:00","dateModified":"2024-06-29T16:26:39+00:00","description":"Ton th\u00e8me astrologique: ta carte d'identit\u00e9e de ton ciel de naissance! D\u00e9couvres tes points forts en direct: profil psychologique, potentiels...","breadcrumb":{"@id":"https:\/\/tescartesduciel.com\/?product=theme-astrologique#breadcrumb"},"inLanguage":"fr-FR","potentialAction":[{"@type":"ReadAction","target":["https:\/\/tescartesduciel.com\/?product=theme-astrologique"]}]},{"@type":"ImageObject","inLanguage":"fr-FR","@id":"https:\/\/tescartesduciel.com\/?product=theme-astrologique#primaryimage","url":"https:\/\/tescartesduciel.com\/wp-content\/uploads\/2024\/06\/lotus-8545270_1920-2.jpg","contentUrl":"https:\/\/tescartesduciel.com\/wp-content\/uploads\/2024\/06\/lotus-8545270_1920-2.jpg","width":1920,"height":1076},{"@type":"BreadcrumbList","@id":"https:\/\/tescartesduciel.com\/?product=theme-astrologique#breadcrumb","itemListElement":[{"@type":"ListItem","position":1,"name":"Accueil","item":"https:\/\/tescartesduciel.com\/"},{"@type":"ListItem","position":2,"name":"Produits","item":"https:\/\/tescartesduciel.com\/?post_type=product"},{"@type":"ListItem","position":3,"name":"ASTRO THEME NATAL"}]},{"@type":"WebSite","@id":"https:\/\/tescartesduciel.com\/#website","url":"https:\/\/tescartesduciel.com\/","name":"Tes cartes du ciel","description":"explores tes possibles","potentialAction":[{"@type":"SearchAction","target":{"@type":"EntryPoint","urlTemplate":"https:\/\/tescartesduciel.com\/?s={search_term_string}"},"query-input":"required name=search_term_string"}],"inLanguage":"fr-FR"}]}},"_links":{"self":[{"href":"https:\/\/tescartesduciel.com\/index.php?rest_route=\/wp\/v2\/product\/1278"}],"collection":[{"href":"https:\/\/tescartesduciel.com\/index.php?rest_route=\/wp\/v2\/product"}],"about":[{"href":"https:\/\/tescartesduciel.com\/index.php?rest_route=\/wp\/v2\/types\/product"}],"version-history":[{"count":14,"href":"https:\/\/tescartesduciel.com\/index.php?rest_route=\/wp\/v2\/product\/1278\/revisions"}],"predecessor-version":[{"id":1314,"href":"https:\/\/tescartesduciel.com\/index.php?rest_route=\/wp\/v2\/product\/1278\/revisions\/1314"}],"wp:featuredmedia":[{"embeddable":true,"href":"https:\/\/tescartesduciel.com\/index.php?rest_route=\/wp\/v2\/media\/1243"}],"wp:attachment":[{"href":"https:\/\/tescartesduciel.com\/index.php?rest_route=%2Fwp%2Fv2%2Fmedia&parent=1278"}],"wp:term":[{"taxonomy":"product_cat","embeddable":true,"href":"https:\/\/tescartesduciel.com\/index.php?rest_route=%2Fwp%2Fv2%2Fproduct_cat&post=1278"},{"taxonomy":"product_tag","embeddable":true,"href":"https:\/\/tescartesduciel.com\/index.php?rest_route=%2Fwp%2Fv2%2Fproduct_tag&post=1278"}],"curies":[{"name":"wp","href":"https:\/\/api.w.org\/{rel}","templated":true}]}}